{"id":214,"date":"2025-10-20T15:12:03","date_gmt":"2025-10-20T13:12:03","guid":{"rendered":"https:\/\/gmajor.hu\/?page_id=214"},"modified":"2026-02-25T13:21:40","modified_gmt":"2026-02-25T12:21:40","slug":"grafika","status":"publish","type":"page","link":"https:\/\/gmajor.hu\/en\/grafika\/","title":{"rendered":"Graphic arts"},"content":{"rendered":"<p>[et_pb_section fb_built=&#8221;1&#8243; _builder_version=&#8221;4.27.4&#8243; _module_preset=&#8221;default&#8221; locked=&#8221;off&#8221; global_colors_info=&#8221;{}&#8221;][et_pb_row _builder_version=&#8221;4.27.4&#8243; _module_preset=&#8221;default&#8221; global_colors_info=&#8221;{}&#8221;][et_pb_column type=&#8221;4_4&#8243; _builder_version=&#8221;4.27.4&#8243; _module_preset=&#8221;default&#8221; global_colors_info=&#8221;{}&#8221;][et_pb_text _builder_version=&#8221;4.27.4&#8243; _module_preset=&#8221;default&#8221; header_2_font=&#8221;|800|||||||&#8221; header_2_text_align=&#8221;center&#8221; header_2_text_color=&#8221;#000000&#8243; header_2_font_size=&#8221;55px&#8221; header_2_letter_spacing=&#8221;4px&#8221; global_colors_info=&#8221;{}&#8221;]<\/p>\n<h2>Grafika<\/h2>\n<p>[\/et_pb_text][\/et_pb_column][\/et_pb_row][et_pb_row column_structure=&#8221;1_6,1_6,1_6,1_6,1_6,1_6&#8243; use_custom_gutter=&#8221;on&#8221; gutter_width=&#8221;2&#8243; make_equal=&#8221;on&#8221; _builder_version=&#8221;4.27.5&#8243; _module_preset=&#8221;default&#8221; hover_enabled=&#8221;0&#8243; global_colors_info=&#8221;{}&#8221; sticky_enabled=&#8221;0&#8243;][et_pb_column type=&#8221;1_6&#8243; _builder_version=&#8221;4.27.4&#8243; _module_preset=&#8221;default&#8221; background_color=&#8221;#000000&#8243; custom_padding=&#8221;2%|2%|2%|2%|true|true&#8221; global_colors_info=&#8221;{}&#8221;][et_pb_gallery gallery_ids=&#8221;389&#8243; posts_number=&#8221;1&#8243; show_title_and_caption=&#8221;off&#8221; show_pagination=&#8221;off&#8221; _builder_version=&#8221;4.27.4&#8243; _module_preset=&#8221;default&#8221; global_colors_info=&#8221;{}&#8221;][\/et_pb_gallery][et_pb_text _builder_version=&#8221;4.27.4&#8243; _module_preset=&#8221;default&#8221; text_font=&#8221;||||||||&#8221; text_text_color=&#8221;#d1d1d1&#8243; header_3_font=&#8221;|800||||on|||&#8221; header_3_text_color=&#8221;#FFFFFF&#8221; header_3_font_size=&#8221;25px&#8221; global_colors_info=&#8221;{}&#8221;]<\/p>\n<h3>Kar<\/h3>\n<p>K\u00e9p m\u00e9ret: 40*32 cm<br \/>Technika: lav\u00edrozott tusrajz<\/p>\n<p>[\/et_pb_text][et_pb_button button_url=&#8221;https:\/\/gmajor.hu\/kapcsolat\/&#8221; button_text=&#8221;\u00c9rdekl\u0151d\u00f6m&#8221; _builder_version=&#8221;4.27.4&#8243; _module_preset=&#8221;default&#8221; custom_button=&#8221;on&#8221; button_text_size=&#8221;16px&#8221; button_bg_color=&#8221;#FFFFFF&#8221; button_letter_spacing=&#8221;2px&#8221; button_font=&#8221;|300|||||||&#8221; custom_padding=&#8221;5px|10px|5px|10px|true|true&#8221; global_colors_info=&#8221;{}&#8221;][\/et_pb_button][\/et_pb_column][et_pb_column type=&#8221;1_6&#8243; _builder_version=&#8221;4.27.4&#8243; _module_preset=&#8221;default&#8221; background_color=&#8221;#000000&#8243; custom_padding=&#8221;2%|2%|2%|2%|true|true&#8221; global_colors_info=&#8221;{}&#8221;][et_pb_gallery _builder_version=&#8221;4.27.5&#8243; _module_preset=&#8221;default&#8221; gallery_ids=&#8221;543&#8243; hover_enabled=&#8221;0&#8243; sticky_enabled=&#8221;0&#8243;][\/et_pb_gallery][\/et_pb_column][et_pb_column type=&#8221;1_6&#8243; _builder_version=&#8221;4.27.4&#8243; _module_preset=&#8221;default&#8221; background_color=&#8221;#000000&#8243; custom_padding=&#8221;2%|2%|2%|2%|true|true&#8221; global_colors_info=&#8221;{}&#8221;][et_pb_gallery gallery_ids=&#8221;374&#8243; posts_number=&#8221;1&#8243; show_title_and_caption=&#8221;off&#8221; show_pagination=&#8221;off&#8221; _builder_version=&#8221;4.27.5&#8243; _module_preset=&#8221;default&#8221; hover_enabled=&#8221;0&#8243; global_colors_info=&#8221;{}&#8221; sticky_enabled=&#8221;0&#8243;][\/et_pb_gallery][et_pb_text _builder_version=&#8221;4.27.4&#8243; _module_preset=&#8221;default&#8221; text_font=&#8221;||||||||&#8221; text_text_color=&#8221;#d1d1d1&#8243; header_3_font=&#8221;|800||||on|||&#8221; header_3_text_color=&#8221;#FFFFFF&#8221; header_3_font_size=&#8221;25px&#8221; global_colors_info=&#8221;{}&#8221;]<\/p>\n<h3>D\u00fcrr\u00f6g\u0151 fajdkakas<\/h3>\n<p>K\u00e9p m\u00e9ret: 40*32 cm<br \/>Technika: pasztell<\/p>\n<p>[\/et_pb_text][et_pb_button button_url=&#8221;https:\/\/gmajor.hu\/kapcsolat\/&#8221; button_text=&#8221;\u00c9rdekl\u0151d\u00f6m&#8221; _builder_version=&#8221;4.27.4&#8243; _module_preset=&#8221;default&#8221; custom_button=&#8221;on&#8221; button_text_size=&#8221;16px&#8221; button_bg_color=&#8221;#FFFFFF&#8221; button_letter_spacing=&#8221;2px&#8221; button_font=&#8221;|300|||||||&#8221; custom_padding=&#8221;5px|10px|5px|10px|true|true&#8221; global_colors_info=&#8221;{}&#8221;][\/et_pb_button][\/et_pb_column][et_pb_column type=&#8221;1_6&#8243; _builder_version=&#8221;4.27.4&#8243; _module_preset=&#8221;default&#8221; background_color=&#8221;#000000&#8243; custom_padding=&#8221;2%|2%|2%|2%|true|true&#8221; global_colors_info=&#8221;{}&#8221;][et_pb_gallery gallery_ids=&#8221;388&#8243; posts_number=&#8221;1&#8243; show_title_and_caption=&#8221;off&#8221; show_pagination=&#8221;off&#8221; _builder_version=&#8221;4.27.4&#8243; _module_preset=&#8221;default&#8221; global_colors_info=&#8221;{}&#8221;][\/et_pb_gallery][et_pb_text _builder_version=&#8221;4.27.4&#8243; _module_preset=&#8221;default&#8221; text_font=&#8221;||||||||&#8221; text_text_color=&#8221;#d1d1d1&#8243; header_3_font=&#8221;|800||||on|||&#8221; header_3_text_color=&#8221;#FFFFFF&#8221; header_3_font_size=&#8221;25px&#8221; global_colors_info=&#8221;{}&#8221;]<\/p>\n<h3>Tekn\u0151s\u00f6k &#8211; \u00e1tl\u00e9p\u00e9si pont<\/h3>\n<p>K\u00e9p m\u00e9ret: 40*32 cm<br \/>Technika: lav\u00edrozott tusrajz<\/p>\n<p>&nbsp;<\/p>\n<p>[\/et_pb_text][et_pb_button button_url=&#8221;https:\/\/gmajor.hu\/kapcsolat\/&#8221; button_text=&#8221;\u00c9rdekl\u0151d\u00f6m&#8221; _builder_version=&#8221;4.27.4&#8243; _module_preset=&#8221;default&#8221; custom_button=&#8221;on&#8221; button_text_size=&#8221;16px&#8221; button_bg_color=&#8221;#FFFFFF&#8221; button_letter_spacing=&#8221;2px&#8221; button_font=&#8221;|300|||||||&#8221; custom_padding=&#8221;5px|10px|5px|10px|true|true&#8221; global_colors_info=&#8221;{}&#8221;][\/et_pb_button][\/et_pb_column][et_pb_column type=&#8221;1_6&#8243; _builder_version=&#8221;4.27.4&#8243; _module_preset=&#8221;default&#8221; background_color=&#8221;#000000&#8243; custom_padding=&#8221;2%|2%|2%|2%|true|true&#8221; global_colors_info=&#8221;{}&#8221;][et_pb_gallery gallery_ids=&#8221;372&#8243; posts_number=&#8221;1&#8243; orientation=&#8221;portrait&#8221; show_title_and_caption=&#8221;off&#8221; show_pagination=&#8221;off&#8221; _builder_version=&#8221;4.27.4&#8243; _module_preset=&#8221;default&#8221; global_colors_info=&#8221;{}&#8221;][\/et_pb_gallery][et_pb_text _builder_version=&#8221;4.27.4&#8243; _module_preset=&#8221;default&#8221; text_font=&#8221;||||||||&#8221; text_text_color=&#8221;#d1d1d1&#8243; header_3_font=&#8221;|800||||on|||&#8221; header_3_text_color=&#8221;#FFFFFF&#8221; header_3_font_size=&#8221;25px&#8221; global_colors_info=&#8221;{}&#8221;]<\/p>\n<h3>Hideg reggel &#8211; f\u00e1c\u00e1nok<\/h3>\n<p>K\u00e9p m\u00e9ret: 40*32 cm<br \/>Technika: grafika, ceruza<\/p>\n<p>[\/et_pb_text][et_pb_button button_url=&#8221;https:\/\/gmajor.hu\/kapcsolat\/&#8221; button_text=&#8221;\u00c9rdekl\u0151d\u00f6m&#8221; _builder_version=&#8221;4.27.4&#8243; _module_preset=&#8221;default&#8221; custom_button=&#8221;on&#8221; button_text_size=&#8221;16px&#8221; button_bg_color=&#8221;#FFFFFF&#8221; button_letter_spacing=&#8221;2px&#8221; button_font=&#8221;|300|||||||&#8221; custom_padding=&#8221;5px|10px|5px|10px|true|true&#8221; global_colors_info=&#8221;{}&#8221;][\/et_pb_button][\/et_pb_column][et_pb_column type=&#8221;1_6&#8243; _builder_version=&#8221;4.27.4&#8243; _module_preset=&#8221;default&#8221; global_colors_info=&#8221;{}&#8221;][\/et_pb_column][\/et_pb_row][\/et_pb_section]<\/p>\n","protected":false},"excerpt":{"rendered":"<p>GrafikaKar K\u00e9p m\u00e9ret: 40*32 cmTechnika: lav\u00edrozott tusrajzD\u00fcrr\u00f6g\u0151 fajdkakas K\u00e9p m\u00e9ret: 40*32 cmTechnika: pasztellTekn\u0151s\u00f6k &#8211; \u00e1tl\u00e9p\u00e9si pont K\u00e9p m\u00e9ret: 40*32 cmTechnika: lav\u00edrozott tusrajz &nbsp;Hideg reggel &#8211; f\u00e1c\u00e1nok K\u00e9p m\u00e9ret: 40*32 cmTechnika: grafika, ceruza<\/p>","protected":false},"author":1,"featured_media":389,"parent":0,"menu_order":0,"comment_status":"closed","ping_status":"closed","template":"","meta":{"_et_pb_use_builder":"on","_et_pb_old_content":"<!-- wp:divi\/placeholder \/-->","_et_gb_content_width":"","footnotes":""},"class_list":["post-214","page","type-page","status-publish","has-post-thumbnail","hentry"],"yoast_head":"<!-- This site is optimized with the Yoast SEO plugin v27.0 - https:\/\/yoast.com\/product\/yoast-seo-wordpress\/ -->\n<title>Grafika - Gmajor<\/title>\n<meta name=\"description\" content=\"Gmajor, azaz Major Gabriella fest\u0151 grafik\u00e1val k\u00e9sz\u00fclt k\u00e9pei tekinthet\u0151k meg itt. Ezen k\u00edv\u00fcl term\u00e9szeti \u00e9s vad\u00e1sz t\u00e9m\u00e1ban is alkot.\" \/>\n<meta name=\"robots\" content=\"index, follow, max-snippet:-1, max-image-preview:large, max-video-preview:-1\" \/>\n<link rel=\"canonical\" href=\"https:\/\/gmajor.hu\/en\/grafika\/\" \/>\n<meta property=\"og:locale\" content=\"en_GB\" \/>\n<meta property=\"og:type\" content=\"article\" \/>\n<meta property=\"og:title\" content=\"Grafika - Gmajor\" \/>\n<meta property=\"og:description\" content=\"Gmajor, azaz Major Gabriella fest\u0151 grafik\u00e1val k\u00e9sz\u00fclt k\u00e9pei tekinthet\u0151k meg itt. Ezen k\u00edv\u00fcl term\u00e9szeti \u00e9s vad\u00e1sz t\u00e9m\u00e1ban is alkot.\" \/>\n<meta property=\"og:url\" content=\"https:\/\/gmajor.hu\/en\/grafika\/\" \/>\n<meta property=\"og:site_name\" content=\"Gmajor\" \/>\n<meta property=\"article:modified_time\" content=\"2026-02-25T12:21:40+00:00\" \/>\n<meta property=\"og:image\" content=\"https:\/\/gmajor.hu\/wp-content\/uploads\/2025\/10\/gmajor-festmeny-24.jpg\" \/>\n\t<meta property=\"og:image:width\" content=\"1920\" \/>\n\t<meta property=\"og:image:height\" content=\"1280\" \/>\n\t<meta property=\"og:image:type\" content=\"image\/jpeg\" \/>\n<meta name=\"twitter:card\" content=\"summary_large_image\" \/>\n<meta name=\"twitter:label1\" content=\"Estimated reading time\" \/>\n\t<meta name=\"twitter:data1\" content=\"2 minutes\" \/>\n<script type=\"application\/ld+json\" class=\"yoast-schema-graph\">{\"@context\":\"https:\/\/schema.org\",\"@graph\":[{\"@type\":\"WebPage\",\"@id\":\"https:\/\/gmajor.hu\/grafika\/\",\"url\":\"https:\/\/gmajor.hu\/grafika\/\",\"name\":\"Grafika - Gmajor\",\"isPartOf\":{\"@id\":\"https:\/\/gmajor.hu\/#website\"},\"primaryImageOfPage\":{\"@id\":\"https:\/\/gmajor.hu\/grafika\/#primaryimage\"},\"image\":{\"@id\":\"https:\/\/gmajor.hu\/grafika\/#primaryimage\"},\"thumbnailUrl\":\"https:\/\/gmajor.hu\/wp-content\/uploads\/2025\/10\/gmajor-festmeny-24.jpg\",\"datePublished\":\"2025-10-20T13:12:03+00:00\",\"dateModified\":\"2026-02-25T12:21:40+00:00\",\"description\":\"Gmajor, azaz Major Gabriella fest\u0151 grafik\u00e1val k\u00e9sz\u00fclt k\u00e9pei tekinthet\u0151k meg itt. Ezen k\u00edv\u00fcl term\u00e9szeti \u00e9s vad\u00e1sz t\u00e9m\u00e1ban is alkot.\",\"breadcrumb\":{\"@id\":\"https:\/\/gmajor.hu\/grafika\/#breadcrumb\"},\"inLanguage\":\"en-GB\",\"potentialAction\":[{\"@type\":\"ReadAction\",\"target\":[\"https:\/\/gmajor.hu\/grafika\/\"]}]},{\"@type\":\"ImageObject\",\"inLanguage\":\"en-GB\",\"@id\":\"https:\/\/gmajor.hu\/grafika\/#primaryimage\",\"url\":\"https:\/\/gmajor.hu\/wp-content\/uploads\/2025\/10\/gmajor-festmeny-24.jpg\",\"contentUrl\":\"https:\/\/gmajor.hu\/wp-content\/uploads\/2025\/10\/gmajor-festmeny-24.jpg\",\"width\":1920,\"height\":1280,\"caption\":\"Kar, grafika K\u00e9p m\u00e9ret: 40*32 cm Technika: lav\u00edrozott tusrajz\"},{\"@type\":\"BreadcrumbList\",\"@id\":\"https:\/\/gmajor.hu\/grafika\/#breadcrumb\",\"itemListElement\":[{\"@type\":\"ListItem\",\"position\":1,\"name\":\"Kezd\u0151lap\",\"item\":\"https:\/\/gmajor.hu\/\"},{\"@type\":\"ListItem\",\"position\":2,\"name\":\"Grafika\"}]},{\"@type\":\"WebSite\",\"@id\":\"https:\/\/gmajor.hu\/#website\",\"url\":\"https:\/\/gmajor.hu\/\",\"name\":\"Gmajor\",\"description\":\"Major Gabriella fest\u0151m\u0171v\u00e9sz\",\"potentialAction\":[{\"@type\":\"SearchAction\",\"target\":{\"@type\":\"EntryPoint\",\"urlTemplate\":\"https:\/\/gmajor.hu\/?s={search_term_string}\"},\"query-input\":{\"@type\":\"PropertyValueSpecification\",\"valueRequired\":true,\"valueName\":\"search_term_string\"}}],\"inLanguage\":\"en-GB\"}]}<\/script>\n<!-- \/ Yoast SEO plugin. -->","yoast_head_json":{"title":"Grafika - Gmajor","description":"Gmajor, azaz Major Gabriella fest\u0151 grafik\u00e1val k\u00e9sz\u00fclt k\u00e9pei tekinthet\u0151k meg itt. Ezen k\u00edv\u00fcl term\u00e9szeti \u00e9s vad\u00e1sz t\u00e9m\u00e1ban is alkot.","robots":{"index":"index","follow":"follow","max-snippet":"max-snippet:-1","max-image-preview":"max-image-preview:large","max-video-preview":"max-video-preview:-1"},"canonical":"https:\/\/gmajor.hu\/en\/grafika\/","og_locale":"en_GB","og_type":"article","og_title":"Grafika - Gmajor","og_description":"Gmajor, azaz Major Gabriella fest\u0151 grafik\u00e1val k\u00e9sz\u00fclt k\u00e9pei tekinthet\u0151k meg itt. Ezen k\u00edv\u00fcl term\u00e9szeti \u00e9s vad\u00e1sz t\u00e9m\u00e1ban is alkot.","og_url":"https:\/\/gmajor.hu\/en\/grafika\/","og_site_name":"Gmajor","article_modified_time":"2026-02-25T12:21:40+00:00","og_image":[{"width":1920,"height":1280,"url":"https:\/\/gmajor.hu\/wp-content\/uploads\/2025\/10\/gmajor-festmeny-24.jpg","type":"image\/jpeg"}],"twitter_card":"summary_large_image","twitter_misc":{"Estimated reading time":"2 minutes"},"schema":{"@context":"https:\/\/schema.org","@graph":[{"@type":"WebPage","@id":"https:\/\/gmajor.hu\/grafika\/","url":"https:\/\/gmajor.hu\/grafika\/","name":"Grafika - Gmajor","isPartOf":{"@id":"https:\/\/gmajor.hu\/#website"},"primaryImageOfPage":{"@id":"https:\/\/gmajor.hu\/grafika\/#primaryimage"},"image":{"@id":"https:\/\/gmajor.hu\/grafika\/#primaryimage"},"thumbnailUrl":"https:\/\/gmajor.hu\/wp-content\/uploads\/2025\/10\/gmajor-festmeny-24.jpg","datePublished":"2025-10-20T13:12:03+00:00","dateModified":"2026-02-25T12:21:40+00:00","description":"Gmajor, azaz Major Gabriella fest\u0151 grafik\u00e1val k\u00e9sz\u00fclt k\u00e9pei tekinthet\u0151k meg itt. Ezen k\u00edv\u00fcl term\u00e9szeti \u00e9s vad\u00e1sz t\u00e9m\u00e1ban is alkot.","breadcrumb":{"@id":"https:\/\/gmajor.hu\/grafika\/#breadcrumb"},"inLanguage":"en-GB","potentialAction":[{"@type":"ReadAction","target":["https:\/\/gmajor.hu\/grafika\/"]}]},{"@type":"ImageObject","inLanguage":"en-GB","@id":"https:\/\/gmajor.hu\/grafika\/#primaryimage","url":"https:\/\/gmajor.hu\/wp-content\/uploads\/2025\/10\/gmajor-festmeny-24.jpg","contentUrl":"https:\/\/gmajor.hu\/wp-content\/uploads\/2025\/10\/gmajor-festmeny-24.jpg","width":1920,"height":1280,"caption":"Kar, grafika K\u00e9p m\u00e9ret: 40*32 cm Technika: lav\u00edrozott tusrajz"},{"@type":"BreadcrumbList","@id":"https:\/\/gmajor.hu\/grafika\/#breadcrumb","itemListElement":[{"@type":"ListItem","position":1,"name":"Kezd\u0151lap","item":"https:\/\/gmajor.hu\/"},{"@type":"ListItem","position":2,"name":"Grafika"}]},{"@type":"WebSite","@id":"https:\/\/gmajor.hu\/#website","url":"https:\/\/gmajor.hu\/","name":"Gmajor","description":"Major Gabriella fest\u0151m\u0171v\u00e9sz","potentialAction":[{"@type":"SearchAction","target":{"@type":"EntryPoint","urlTemplate":"https:\/\/gmajor.hu\/?s={search_term_string}"},"query-input":{"@type":"PropertyValueSpecification","valueRequired":true,"valueName":"search_term_string"}}],"inLanguage":"en-GB"}]}},"_links":{"self":[{"href":"https:\/\/gmajor.hu\/en\/wp-json\/wp\/v2\/pages\/214","targetHints":{"allow":["GET"]}}],"collection":[{"href":"https:\/\/gmajor.hu\/en\/wp-json\/wp\/v2\/pages"}],"about":[{"href":"https:\/\/gmajor.hu\/en\/wp-json\/wp\/v2\/types\/page"}],"author":[{"embeddable":true,"href":"https:\/\/gmajor.hu\/en\/wp-json\/wp\/v2\/users\/1"}],"replies":[{"embeddable":true,"href":"https:\/\/gmajor.hu\/en\/wp-json\/wp\/v2\/comments?post=214"}],"version-history":[{"count":10,"href":"https:\/\/gmajor.hu\/en\/wp-json\/wp\/v2\/pages\/214\/revisions"}],"predecessor-version":[{"id":548,"href":"https:\/\/gmajor.hu\/en\/wp-json\/wp\/v2\/pages\/214\/revisions\/548"}],"wp:featuredmedia":[{"embeddable":true,"href":"https:\/\/gmajor.hu\/en\/wp-json\/wp\/v2\/media\/389"}],"wp:attachment":[{"href":"https:\/\/gmajor.hu\/en\/wp-json\/wp\/v2\/media?parent=214"}],"curies":[{"name":"wp","href":"https:\/\/api.w.org\/{rel}","templated":true}]}}