{"id":212,"date":"2025-10-20T15:04:12","date_gmt":"2025-10-20T13:04:12","guid":{"rendered":"https:\/\/gmajor.hu\/?page_id=212"},"modified":"2026-03-27T15:45:36","modified_gmt":"2026-03-27T14:45:36","slug":"portre-festmeny","status":"publish","type":"page","link":"https:\/\/gmajor.hu\/en\/portre-festmeny\/","title":{"rendered":"Portr\u00e9 festm\u00e9ny"},"content":{"rendered":"<p>[et_pb_section fb_built=&#8221;1&#8243; _builder_version=&#8221;4.27.4&#8243; _module_preset=&#8221;default&#8221; locked=&#8221;off&#8221; global_colors_info=&#8221;{}&#8221;][et_pb_row _builder_version=&#8221;4.27.4&#8243; _module_preset=&#8221;default&#8221; global_colors_info=&#8221;{}&#8221;][et_pb_column type=&#8221;4_4&#8243; _builder_version=&#8221;4.27.4&#8243; _module_preset=&#8221;default&#8221; global_colors_info=&#8221;{}&#8221;][et_pb_text _builder_version=&#8221;4.27.4&#8243; _module_preset=&#8221;default&#8221; header_2_font=&#8221;|800|||||||&#8221; header_2_text_align=&#8221;center&#8221; header_2_text_color=&#8221;#000000&#8243; header_2_font_size=&#8221;55px&#8221; header_2_letter_spacing=&#8221;4px&#8221; global_colors_info=&#8221;{}&#8221;]<\/p>\n<h2>Portr\u00e9k<\/h2>\n<p>[\/et_pb_text][\/et_pb_column][\/et_pb_row][et_pb_row column_structure=&#8221;1_3,1_3,1_3&#8243; use_custom_gutter=&#8221;on&#8221; gutter_width=&#8221;2&#8243; make_equal=&#8221;on&#8221; _builder_version=&#8221;4.27.5&#8243; _module_preset=&#8221;default&#8221; hover_enabled=&#8221;0&#8243; global_colors_info=&#8221;{}&#8221; sticky_enabled=&#8221;0&#8243;][et_pb_column type=&#8221;1_3&#8243; _builder_version=&#8221;4.27.5&#8243; _module_preset=&#8221;default&#8221; background_color=&#8221;#000000&#8243; custom_padding=&#8221;2%|2%|2%|2%|true|true&#8221; global_colors_info=&#8221;{}&#8221;][et_pb_gallery gallery_ids=&#8221;368&#8243; posts_number=&#8221;1&#8243; orientation=&#8221;portrait&#8221; show_title_and_caption=&#8221;off&#8221; show_pagination=&#8221;off&#8221; _builder_version=&#8221;4.27.5&#8243; _module_preset=&#8221;default&#8221; global_colors_info=&#8221;{}&#8221;][\/et_pb_gallery][et_pb_text _builder_version=&#8221;4.27.4&#8243; _module_preset=&#8221;default&#8221; text_font=&#8221;||||||||&#8221; text_text_color=&#8221;#d1d1d1&#8243; header_3_font=&#8221;|800||||on|||&#8221; header_3_text_color=&#8221;#FFFFFF&#8221; header_3_font_size=&#8221;25px&#8221; global_colors_info=&#8221;{}&#8221;]<\/p>\n<h3>F\u00e9rfi portr\u00e9<\/h3>\n<p>K\u00e9p m\u00e9ret: 42*30 cm<\/p>\n<p>Technika: aqurelle<\/p>\n<p>Zs\u0171rizett festm\u00e9ny<\/p>\n<p>[\/et_pb_text][et_pb_button button_url=&#8221;https:\/\/gmajor.hu\/kapcsolat\/&#8221; button_text=&#8221;\u00c9rdekl\u0151d\u00f6m&#8221; _builder_version=&#8221;4.27.4&#8243; _module_preset=&#8221;default&#8221; custom_button=&#8221;on&#8221; button_text_size=&#8221;16px&#8221; button_bg_color=&#8221;#FFFFFF&#8221; button_letter_spacing=&#8221;2px&#8221; button_font=&#8221;|300|||||||&#8221; custom_padding=&#8221;5px|10px|5px|10px|true|true&#8221; global_colors_info=&#8221;{}&#8221;][\/et_pb_button][\/et_pb_column][et_pb_column type=&#8221;1_3&#8243; _builder_version=&#8221;4.27.4&#8243; _module_preset=&#8221;default&#8221; background_color=&#8221;#000000&#8243; custom_padding=&#8221;2%|2%|2%|2%|true|true&#8221; global_colors_info=&#8221;{}&#8221;][et_pb_gallery gallery_ids=&#8221;540&#8243; posts_number=&#8221;1&#8243; orientation=&#8221;portrait&#8221; show_title_and_caption=&#8221;off&#8221; show_pagination=&#8221;off&#8221; _builder_version=&#8221;4.27.5&#8243; _module_preset=&#8221;default&#8221; global_colors_info=&#8221;{}&#8221;][\/et_pb_gallery][et_pb_text _builder_version=&#8221;4.27.4&#8243; _module_preset=&#8221;default&#8221; text_font=&#8221;||||||||&#8221; text_text_color=&#8221;#d1d1d1&#8243; header_3_font=&#8221;|800||||on|||&#8221; header_3_text_color=&#8221;#FFFFFF&#8221; header_3_font_size=&#8221;25px&#8221; global_colors_info=&#8221;{}&#8221;]<\/p>\n<h3>caravaggio &#8211; A sz\u0171z \u00e9s a hal\u00e1l c k\u00e9p parafr\u00e1zisa<\/h3>\n<p>K\u00e9p m\u00e9ret: 40*50 cm<\/p>\n<p>Technika: olaj, v\u00e1sznon<\/p>\n<p>Zs\u0171rizett festm\u00e9ny, 2026. -ban Debreceni Egyetemen ker\u00fcl ki\u00e1ll\u00edt\u00e1sra<\/p>\n<p>[\/et_pb_text][et_pb_button button_url=&#8221;https:\/\/gmajor.hu\/kapcsolat\/&#8221; button_text=&#8221;\u00c9rdekl\u0151d\u00f6m&#8221; _builder_version=&#8221;4.27.4&#8243; _module_preset=&#8221;default&#8221; custom_button=&#8221;on&#8221; button_text_size=&#8221;16px&#8221; button_bg_color=&#8221;#FFFFFF&#8221; button_letter_spacing=&#8221;2px&#8221; button_font=&#8221;|300|||||||&#8221; custom_padding=&#8221;5px|10px|5px|10px|true|true&#8221; global_colors_info=&#8221;{}&#8221;][\/et_pb_button][\/et_pb_column][et_pb_column type=&#8221;1_3&#8243; _builder_version=&#8221;4.27.4&#8243; _module_preset=&#8221;default&#8221; background_color=&#8221;#000000&#8243; custom_padding=&#8221;2%|2%|2%|2%|true|true&#8221; global_colors_info=&#8221;{}&#8221;][et_pb_gallery gallery_ids=&#8221;542&#8243; posts_number=&#8221;1&#8243; orientation=&#8221;portrait&#8221; show_title_and_caption=&#8221;off&#8221; show_pagination=&#8221;off&#8221; _builder_version=&#8221;4.27.5&#8243; _module_preset=&#8221;default&#8221; global_colors_info=&#8221;{}&#8221;][\/et_pb_gallery][et_pb_text _builder_version=&#8221;4.27.4&#8243; _module_preset=&#8221;default&#8221; text_font=&#8221;||||||||&#8221; text_text_color=&#8221;#d1d1d1&#8243; header_3_font=&#8221;|800||||on|||&#8221; header_3_text_color=&#8221;#FFFFFF&#8221; header_3_font_size=&#8221;25px&#8221; global_colors_info=&#8221;{}&#8221;]<\/p>\n<h3>George de la tour &#8211; entre ombre et lumi\u00e9re festm\u00e9ny\u00e9nek parf\u00e1rzisa<\/h3>\n<p>K\u00e9p m\u00e9ret: 50*70 cm<\/p>\n<p>Technika: Olaj, v\u00e1sznon<\/p>\n<p>Zs\u0171rizett festm\u00e9ny, 2026.-ban, Debreceni Egyetemen ker\u00fcl ki\u00e1ll\u00edt\u00e1sra<\/p>\n<p>&nbsp;<\/p>\n<p>[\/et_pb_text][et_pb_button button_url=&#8221;https:\/\/gmajor.hu\/kapcsolat\/&#8221; button_text=&#8221;\u00c9rdekl\u0151d\u00f6m&#8221; _builder_version=&#8221;4.27.4&#8243; _module_preset=&#8221;default&#8221; custom_button=&#8221;on&#8221; button_text_size=&#8221;16px&#8221; button_bg_color=&#8221;#FFFFFF&#8221; button_letter_spacing=&#8221;2px&#8221; button_font=&#8221;|300|||||||&#8221; custom_padding=&#8221;5px|10px|5px|10px|true|true&#8221; global_colors_info=&#8221;{}&#8221;][\/et_pb_button][\/et_pb_column][\/et_pb_row][\/et_pb_section]<\/p>\n","protected":false},"excerpt":{"rendered":"<p>Portr\u00e9kF\u00e9rfi portr\u00e9 K\u00e9p m\u00e9ret: 42*30 cm Technika: aqurelle Zs\u0171rizett festm\u00e9nycaravaggio &#8211; A sz\u0171z \u00e9s a hal\u00e1l c k\u00e9p parafr\u00e1zisa K\u00e9p m\u00e9ret: 40*50 cm Technika: olaj, v\u00e1sznon Zs\u0171rizett festm\u00e9ny, 2026. -ban Debreceni Egyetemen ker\u00fcl ki\u00e1ll\u00edt\u00e1sraGeorge de la tour &#8211; entre ombre et lumi\u00e9re festm\u00e9ny\u00e9nek parf\u00e1rzisa K\u00e9p m\u00e9ret: 50*70 cm Technika: Olaj, v\u00e1sznon Zs\u0171rizett festm\u00e9ny, 2026.-ban, Debreceni [&hellip;]<\/p>\n","protected":false},"author":1,"featured_media":369,"parent":0,"menu_order":0,"comment_status":"closed","ping_status":"closed","template":"","meta":{"_et_pb_use_builder":"on","_et_pb_old_content":"<!-- wp:divi\/placeholder \/-->","_et_gb_content_width":"","footnotes":""},"class_list":["post-212","page","type-page","status-publish","has-post-thumbnail","hentry"],"yoast_head":"<!-- This site is optimized with the Yoast SEO plugin v27.0 - https:\/\/yoast.com\/product\/yoast-seo-wordpress\/ -->\n<title>Portr\u00e9 festm\u00e9ny - Gmajor<\/title>\n<meta name=\"description\" content=\"Gmajor, azaz Major Gabriella fest\u0151 portr\u00e9 k\u00e9pei tekinthet\u0151k meg itt. Ezen k\u00edv\u00fcl term\u00e9szeti \u00e9s vad\u00e1sz t\u00e9m\u00e1ban is alkot.\" \/>\n<meta name=\"robots\" content=\"index, follow, max-snippet:-1, max-image-preview:large, max-video-preview:-1\" \/>\n<link rel=\"canonical\" href=\"https:\/\/gmajor.hu\/en\/portre-festmeny\/\" \/>\n<meta property=\"og:locale\" content=\"en_GB\" \/>\n<meta property=\"og:type\" content=\"article\" \/>\n<meta property=\"og:title\" content=\"Portr\u00e9 festm\u00e9ny - Gmajor\" \/>\n<meta property=\"og:description\" content=\"Gmajor, azaz Major Gabriella fest\u0151 portr\u00e9 k\u00e9pei tekinthet\u0151k meg itt. Ezen k\u00edv\u00fcl term\u00e9szeti \u00e9s vad\u00e1sz t\u00e9m\u00e1ban is alkot.\" \/>\n<meta property=\"og:url\" content=\"https:\/\/gmajor.hu\/en\/portre-festmeny\/\" \/>\n<meta property=\"og:site_name\" content=\"Gmajor\" \/>\n<meta property=\"article:modified_time\" content=\"2026-03-27T14:45:36+00:00\" \/>\n<meta property=\"og:image\" content=\"https:\/\/gmajor.hu\/wp-content\/uploads\/2025\/10\/gmajor-festmeny-6.jpg\" \/>\n\t<meta property=\"og:image:width\" content=\"1280\" \/>\n\t<meta property=\"og:image:height\" content=\"1920\" \/>\n\t<meta property=\"og:image:type\" content=\"image\/jpeg\" \/>\n<meta name=\"twitter:card\" content=\"summary_large_image\" \/>\n<meta name=\"twitter:label1\" content=\"Estimated reading time\" \/>\n\t<meta name=\"twitter:data1\" content=\"1 minute\" \/>\n<script type=\"application\/ld+json\" class=\"yoast-schema-graph\">{\"@context\":\"https:\/\/schema.org\",\"@graph\":[{\"@type\":\"WebPage\",\"@id\":\"https:\/\/gmajor.hu\/portre-festmeny\/\",\"url\":\"https:\/\/gmajor.hu\/portre-festmeny\/\",\"name\":\"Portr\u00e9 festm\u00e9ny - Gmajor\",\"isPartOf\":{\"@id\":\"https:\/\/gmajor.hu\/#website\"},\"primaryImageOfPage\":{\"@id\":\"https:\/\/gmajor.hu\/portre-festmeny\/#primaryimage\"},\"image\":{\"@id\":\"https:\/\/gmajor.hu\/portre-festmeny\/#primaryimage\"},\"thumbnailUrl\":\"https:\/\/gmajor.hu\/wp-content\/uploads\/2025\/10\/gmajor-festmeny-6.jpg\",\"datePublished\":\"2025-10-20T13:04:12+00:00\",\"dateModified\":\"2026-03-27T14:45:36+00:00\",\"description\":\"Gmajor, azaz Major Gabriella fest\u0151 portr\u00e9 k\u00e9pei tekinthet\u0151k meg itt. Ezen k\u00edv\u00fcl term\u00e9szeti \u00e9s vad\u00e1sz t\u00e9m\u00e1ban is alkot.\",\"breadcrumb\":{\"@id\":\"https:\/\/gmajor.hu\/portre-festmeny\/#breadcrumb\"},\"inLanguage\":\"en-GB\",\"potentialAction\":[{\"@type\":\"ReadAction\",\"target\":[\"https:\/\/gmajor.hu\/portre-festmeny\/\"]}]},{\"@type\":\"ImageObject\",\"inLanguage\":\"en-GB\",\"@id\":\"https:\/\/gmajor.hu\/portre-festmeny\/#primaryimage\",\"url\":\"https:\/\/gmajor.hu\/wp-content\/uploads\/2025\/10\/gmajor-festmeny-6.jpg\",\"contentUrl\":\"https:\/\/gmajor.hu\/wp-content\/uploads\/2025\/10\/gmajor-festmeny-6.jpg\",\"width\":1280,\"height\":1920,\"caption\":\"F\u00e9rfi portr\u00e9 m\u00e9ret: 42*30 cm, Technika: aqurelle, Zs\u0171rizett festm\u00e9ny\"},{\"@type\":\"BreadcrumbList\",\"@id\":\"https:\/\/gmajor.hu\/portre-festmeny\/#breadcrumb\",\"itemListElement\":[{\"@type\":\"ListItem\",\"position\":1,\"name\":\"Kezd\u0151lap\",\"item\":\"https:\/\/gmajor.hu\/\"},{\"@type\":\"ListItem\",\"position\":2,\"name\":\"Portr\u00e9 festm\u00e9ny\"}]},{\"@type\":\"WebSite\",\"@id\":\"https:\/\/gmajor.hu\/#website\",\"url\":\"https:\/\/gmajor.hu\/\",\"name\":\"Gmajor\",\"description\":\"Major Gabriella fest\u0151m\u0171v\u00e9sz\",\"potentialAction\":[{\"@type\":\"SearchAction\",\"target\":{\"@type\":\"EntryPoint\",\"urlTemplate\":\"https:\/\/gmajor.hu\/?s={search_term_string}\"},\"query-input\":{\"@type\":\"PropertyValueSpecification\",\"valueRequired\":true,\"valueName\":\"search_term_string\"}}],\"inLanguage\":\"en-GB\"}]}<\/script>\n<!-- \/ Yoast SEO plugin. -->","yoast_head_json":{"title":"Portr\u00e9 festm\u00e9ny - Gmajor","description":"Gmajor, azaz Major Gabriella fest\u0151 portr\u00e9 k\u00e9pei tekinthet\u0151k meg itt. Ezen k\u00edv\u00fcl term\u00e9szeti \u00e9s vad\u00e1sz t\u00e9m\u00e1ban is alkot.","robots":{"index":"index","follow":"follow","max-snippet":"max-snippet:-1","max-image-preview":"max-image-preview:large","max-video-preview":"max-video-preview:-1"},"canonical":"https:\/\/gmajor.hu\/en\/portre-festmeny\/","og_locale":"en_GB","og_type":"article","og_title":"Portr\u00e9 festm\u00e9ny - Gmajor","og_description":"Gmajor, azaz Major Gabriella fest\u0151 portr\u00e9 k\u00e9pei tekinthet\u0151k meg itt. Ezen k\u00edv\u00fcl term\u00e9szeti \u00e9s vad\u00e1sz t\u00e9m\u00e1ban is alkot.","og_url":"https:\/\/gmajor.hu\/en\/portre-festmeny\/","og_site_name":"Gmajor","article_modified_time":"2026-03-27T14:45:36+00:00","og_image":[{"width":1280,"height":1920,"url":"https:\/\/gmajor.hu\/wp-content\/uploads\/2025\/10\/gmajor-festmeny-6.jpg","type":"image\/jpeg"}],"twitter_card":"summary_large_image","twitter_misc":{"Estimated reading time":"1 minute"},"schema":{"@context":"https:\/\/schema.org","@graph":[{"@type":"WebPage","@id":"https:\/\/gmajor.hu\/portre-festmeny\/","url":"https:\/\/gmajor.hu\/portre-festmeny\/","name":"Portr\u00e9 festm\u00e9ny - Gmajor","isPartOf":{"@id":"https:\/\/gmajor.hu\/#website"},"primaryImageOfPage":{"@id":"https:\/\/gmajor.hu\/portre-festmeny\/#primaryimage"},"image":{"@id":"https:\/\/gmajor.hu\/portre-festmeny\/#primaryimage"},"thumbnailUrl":"https:\/\/gmajor.hu\/wp-content\/uploads\/2025\/10\/gmajor-festmeny-6.jpg","datePublished":"2025-10-20T13:04:12+00:00","dateModified":"2026-03-27T14:45:36+00:00","description":"Gmajor, azaz Major Gabriella fest\u0151 portr\u00e9 k\u00e9pei tekinthet\u0151k meg itt. Ezen k\u00edv\u00fcl term\u00e9szeti \u00e9s vad\u00e1sz t\u00e9m\u00e1ban is alkot.","breadcrumb":{"@id":"https:\/\/gmajor.hu\/portre-festmeny\/#breadcrumb"},"inLanguage":"en-GB","potentialAction":[{"@type":"ReadAction","target":["https:\/\/gmajor.hu\/portre-festmeny\/"]}]},{"@type":"ImageObject","inLanguage":"en-GB","@id":"https:\/\/gmajor.hu\/portre-festmeny\/#primaryimage","url":"https:\/\/gmajor.hu\/wp-content\/uploads\/2025\/10\/gmajor-festmeny-6.jpg","contentUrl":"https:\/\/gmajor.hu\/wp-content\/uploads\/2025\/10\/gmajor-festmeny-6.jpg","width":1280,"height":1920,"caption":"F\u00e9rfi portr\u00e9 m\u00e9ret: 42*30 cm, Technika: aqurelle, Zs\u0171rizett festm\u00e9ny"},{"@type":"BreadcrumbList","@id":"https:\/\/gmajor.hu\/portre-festmeny\/#breadcrumb","itemListElement":[{"@type":"ListItem","position":1,"name":"Kezd\u0151lap","item":"https:\/\/gmajor.hu\/"},{"@type":"ListItem","position":2,"name":"Portr\u00e9 festm\u00e9ny"}]},{"@type":"WebSite","@id":"https:\/\/gmajor.hu\/#website","url":"https:\/\/gmajor.hu\/","name":"Gmajor","description":"Major Gabriella fest\u0151m\u0171v\u00e9sz","potentialAction":[{"@type":"SearchAction","target":{"@type":"EntryPoint","urlTemplate":"https:\/\/gmajor.hu\/?s={search_term_string}"},"query-input":{"@type":"PropertyValueSpecification","valueRequired":true,"valueName":"search_term_string"}}],"inLanguage":"en-GB"}]}},"_links":{"self":[{"href":"https:\/\/gmajor.hu\/en\/wp-json\/wp\/v2\/pages\/212","targetHints":{"allow":["GET"]}}],"collection":[{"href":"https:\/\/gmajor.hu\/en\/wp-json\/wp\/v2\/pages"}],"about":[{"href":"https:\/\/gmajor.hu\/en\/wp-json\/wp\/v2\/types\/page"}],"author":[{"embeddable":true,"href":"https:\/\/gmajor.hu\/en\/wp-json\/wp\/v2\/users\/1"}],"replies":[{"embeddable":true,"href":"https:\/\/gmajor.hu\/en\/wp-json\/wp\/v2\/comments?post=212"}],"version-history":[{"count":11,"href":"https:\/\/gmajor.hu\/en\/wp-json\/wp\/v2\/pages\/212\/revisions"}],"predecessor-version":[{"id":559,"href":"https:\/\/gmajor.hu\/en\/wp-json\/wp\/v2\/pages\/212\/revisions\/559"}],"wp:featuredmedia":[{"embeddable":true,"href":"https:\/\/gmajor.hu\/en\/wp-json\/wp\/v2\/media\/369"}],"wp:attachment":[{"href":"https:\/\/gmajor.hu\/en\/wp-json\/wp\/v2\/media?parent=212"}],"curies":[{"name":"wp","href":"https:\/\/api.w.org\/{rel}","templated":true}]}}