{"id":176,"date":"2025-10-15T22:41:36","date_gmt":"2025-10-15T20:41:36","guid":{"rendered":"https:\/\/gmajor.hu\/?page_id=176"},"modified":"2025-10-30T01:07:34","modified_gmt":"2025-10-30T00:07:34","slug":"sotis-egyesulet","status":"publish","type":"page","link":"https:\/\/gmajor.hu\/en\/sotis-egyesulet\/","title":{"rendered":"Sotis Art Society"},"content":{"rendered":"\n[et_pb_section fb_built=&#8221;1&#8243; make_equal=&#8221;on&#8221; specialty=&#8221;on&#8221; background_color_2=&#8221;rgba(255,255,255,0.91)&#8221; padding_top_1=&#8221;16vw&#8221; padding_bottom_1=&#8221;16vw&#8221; padding_top_bottom_link_1=&#8221;true&#8221; padding_left_right_link_1=&#8221;false&#8221; _builder_version=&#8221;4.27.4&#8243; _module_preset=&#8221;default&#8221; background_image=&#8221;https:\/\/gmajor.hu\/wp-content\/uploads\/2025\/10\/gmajor-festmeny-24.jpg&#8221; background_position=&#8221;bottom_left&#8221; overflow-x=&#8221;hidden&#8221; overflow-y=&#8221;hidden&#8221; custom_padding=&#8221;0vw||0vw||true|false&#8221; hover_enabled=&#8221;0&#8243; global_colors_info=&#8221;{}&#8221; sticky_enabled=&#8221;0&#8243; title_text=&#8221;gmajor-festmeny (24)&#8221; background_color_1=&#8221;rgba(255,255,255,0.76)&#8221;][et_pb_column type=&#8221;1_2&#8243; _builder_version=&#8221;4.16&#8243; _module_preset=&#8221;default&#8221; custom_padding=&#8221;|||&#8221; global_colors_info=&#8221;{}&#8221; custom_padding__hover=&#8221;|||&#8221;][et_pb_text _builder_version=&#8221;4.27.4&#8243; _module_preset=&#8221;_initial&#8221; header_font=&#8221;|||on|||||&#8221; header_text_color=&#8221;#000000&#8243; header_font_size=&#8221;60px&#8221; header_letter_spacing=&#8221;0.2em&#8221; header_line_height=&#8221;1.2em&#8221; hover_enabled=&#8221;0&#8243; header_font_size_tablet=&#8221;40px&#8221; header_font_size_phone=&#8221;24px&#8221; header_font_size_last_edited=&#8221;on|desktop&#8221; locked=&#8221;off&#8221; global_colors_info=&#8221;{}&#8221; custom_padding=&#8221;|4%||4%|false|true&#8221; sticky_enabled=&#8221;0&#8243;]<h1>Sotis M\u0171v\u00e9szeti Egyes\u00fclet<\/h1>[\/et_pb_text][\/et_pb_column][et_pb_column type=&#8221;1_2&#8243; specialty_columns=&#8221;2&#8243; _builder_version=&#8221;4.16&#8243; _module_preset=&#8221;default&#8221; custom_padding=&#8221;|||&#8221; global_colors_info=&#8221;{}&#8221; custom_padding__hover=&#8221;|||&#8221;][et_pb_row_inner _builder_version=&#8221;4.27.4&#8243; _module_preset=&#8221;default&#8221; custom_margin=&#8221;||||false|false&#8221; hover_enabled=&#8221;0&#8243; global_colors_info=&#8221;{}&#8221; custom_padding=&#8221;5vw|5%|5vw|5%|true|true&#8221; sticky_enabled=&#8221;0&#8243; background_enable_color=&#8221;off&#8221;][et_pb_column_inner saved_specialty_column_type=&#8221;1_2&#8243; _builder_version=&#8221;4.27.4&#8243; _module_preset=&#8221;default&#8221; hover_enabled=&#8221;0&#8243; global_colors_info=&#8221;{}&#8221; sticky_enabled=&#8221;0&#8243;][et_pb_text _builder_version=&#8221;4.27.4&#8243; _module_preset=&#8221;_initial&#8221; text_font_size=&#8221;20px&#8221; text_line_height=&#8221;1.8em&#8221; custom_padding_tablet=&#8221;0px||30px|30px|false|false&#8221; custom_padding_phone=&#8221;0px||||false|false&#8221; custom_padding_last_edited=&#8221;off|desktop&#8221; hover_enabled=&#8221;0&#8243; text_font_size_tablet=&#8221;16px&#8221; text_font_size_phone=&#8221;14px&#8221; text_font_size_last_edited=&#8221;on|desktop&#8221; locked=&#8221;off&#8221; global_colors_info=&#8221;{}&#8221; background_color=&#8221;rgba(255,255,255,0)&#8221; sticky_enabled=&#8221;0&#8243;]<p>A Sotis Egyes\u00fclet k\u00f6z\u00f6ss\u00e9gi \u00e9s kultur\u00e1lis c\u00e9lokat szolg\u00e1l\u00f3 t\u00e1rsadalmi szervezet, amely a helyi m\u0171v\u00e9szeti \u00e9s k\u00f6z\u00f6ss\u00e9gi \u00e9let t\u00e1mogat\u00e1s\u00e1ra j\u00f6tt l\u00e9tre.<\/p>\n<p>Az egyes\u00fclet feladata k\u00fcl\u00f6nf\u00e9le programok, esem\u00e9nyek szervez\u00e9se, amelyek hozz\u00e1j\u00e1rulnak a helyi k\u00f6z\u00f6ss\u00e9g kultur\u00e1lis gazdagod\u00e1s\u00e1hoz.<br \/>Fontos szerepet t\u00f6lt be a m\u0171v\u00e9szek \u00e9s kreat\u00edv alkot\u00f3k \u00f6sszefog\u00e1s\u00e1ban, valamint a helyi \u00e9rt\u00e9kek \u00e1pol\u00e1s\u00e1ban.<\/p>[\/et_pb_text][\/et_pb_column_inner][\/et_pb_row_inner][\/et_pb_column][\/et_pb_section]\n","protected":false},"excerpt":{"rendered":"<p>Sotis M\u0171v\u00e9szeti Egyes\u00fcletA Sotis Egyes\u00fclet k\u00f6z\u00f6ss\u00e9gi \u00e9s kultur\u00e1lis c\u00e9lokat szolg\u00e1l\u00f3 t\u00e1rsadalmi szervezet, amely a helyi m\u0171v\u00e9szeti \u00e9s k\u00f6z\u00f6ss\u00e9gi \u00e9let t\u00e1mogat\u00e1s\u00e1ra j\u00f6tt l\u00e9tre. Az egyes\u00fclet feladata k\u00fcl\u00f6nf\u00e9le programok, esem\u00e9nyek szervez\u00e9se, amelyek hozz\u00e1j\u00e1rulnak a helyi k\u00f6z\u00f6ss\u00e9g kultur\u00e1lis gazdagod\u00e1s\u00e1hoz.Fontos szerepet t\u00f6lt be a m\u0171v\u00e9szek \u00e9s kreat\u00edv alkot\u00f3k \u00f6sszefog\u00e1s\u00e1ban, valamint a helyi \u00e9rt\u00e9kek \u00e1pol\u00e1s\u00e1ban.<\/p>","protected":false},"author":1,"featured_media":0,"parent":0,"menu_order":0,"comment_status":"closed","ping_status":"closed","template":"","meta":{"_et_pb_use_builder":"on","_et_pb_old_content":"<!-- wp:divi\/placeholder \/-->","_et_gb_content_width":"","footnotes":""},"class_list":["post-176","page","type-page","status-publish","hentry"],"yoast_head":"<!-- This site is optimized with the Yoast SEO plugin v27.0 - https:\/\/yoast.com\/product\/yoast-seo-wordpress\/ -->\n<title>Sotis Egyes\u00fclet - Gmajor<\/title>\n<meta name=\"description\" content=\"Sotis M\u0171v\u00e9szeti Egyes\u00fclet kur\u00e1tora Major Gabriella, amely a helyi m\u0171v\u00e9szeti \u00e9s k\u00f6z\u00f6ss\u00e9gi \u00e9let t\u00e1mogat\u00e1s\u00e1ra j\u00f6tt l\u00e9tre.\" \/>\n<meta name=\"robots\" content=\"index, follow, max-snippet:-1, max-image-preview:large, max-video-preview:-1\" \/>\n<link rel=\"canonical\" href=\"https:\/\/gmajor.hu\/en\/sotis-egyesulet\/\" \/>\n<meta property=\"og:locale\" content=\"en_GB\" \/>\n<meta property=\"og:type\" content=\"article\" \/>\n<meta property=\"og:title\" content=\"Sotis Egyes\u00fclet - Gmajor\" \/>\n<meta property=\"og:description\" content=\"Sotis M\u0171v\u00e9szeti Egyes\u00fclet kur\u00e1tora Major Gabriella, amely a helyi m\u0171v\u00e9szeti \u00e9s k\u00f6z\u00f6ss\u00e9gi \u00e9let t\u00e1mogat\u00e1s\u00e1ra j\u00f6tt l\u00e9tre.\" \/>\n<meta property=\"og:url\" content=\"https:\/\/gmajor.hu\/en\/sotis-egyesulet\/\" \/>\n<meta property=\"og:site_name\" content=\"Gmajor\" \/>\n<meta property=\"article:modified_time\" content=\"2025-10-30T00:07:34+00:00\" \/>\n<meta name=\"twitter:card\" content=\"summary_large_image\" \/>\n<meta name=\"twitter:label1\" content=\"Estimated reading time\" \/>\n\t<meta name=\"twitter:data1\" content=\"1 minute\" \/>\n<script type=\"application\/ld+json\" class=\"yoast-schema-graph\">{\"@context\":\"https:\/\/schema.org\",\"@graph\":[{\"@type\":\"WebPage\",\"@id\":\"https:\/\/gmajor.hu\/sotis-egyesulet\/\",\"url\":\"https:\/\/gmajor.hu\/sotis-egyesulet\/\",\"name\":\"Sotis Egyes\u00fclet - Gmajor\",\"isPartOf\":{\"@id\":\"https:\/\/gmajor.hu\/#website\"},\"datePublished\":\"2025-10-15T20:41:36+00:00\",\"dateModified\":\"2025-10-30T00:07:34+00:00\",\"description\":\"Sotis M\u0171v\u00e9szeti Egyes\u00fclet kur\u00e1tora Major Gabriella, amely a helyi m\u0171v\u00e9szeti \u00e9s k\u00f6z\u00f6ss\u00e9gi \u00e9let t\u00e1mogat\u00e1s\u00e1ra j\u00f6tt l\u00e9tre.\",\"breadcrumb\":{\"@id\":\"https:\/\/gmajor.hu\/sotis-egyesulet\/#breadcrumb\"},\"inLanguage\":\"en-GB\",\"potentialAction\":[{\"@type\":\"ReadAction\",\"target\":[\"https:\/\/gmajor.hu\/sotis-egyesulet\/\"]}]},{\"@type\":\"BreadcrumbList\",\"@id\":\"https:\/\/gmajor.hu\/sotis-egyesulet\/#breadcrumb\",\"itemListElement\":[{\"@type\":\"ListItem\",\"position\":1,\"name\":\"Kezd\u0151lap\",\"item\":\"https:\/\/gmajor.hu\/\"},{\"@type\":\"ListItem\",\"position\":2,\"name\":\"Sotis Egyes\u00fclet\"}]},{\"@type\":\"WebSite\",\"@id\":\"https:\/\/gmajor.hu\/#website\",\"url\":\"https:\/\/gmajor.hu\/\",\"name\":\"Gmajor\",\"description\":\"Major Gabriella fest\u0151m\u0171v\u00e9sz\",\"potentialAction\":[{\"@type\":\"SearchAction\",\"target\":{\"@type\":\"EntryPoint\",\"urlTemplate\":\"https:\/\/gmajor.hu\/?s={search_term_string}\"},\"query-input\":{\"@type\":\"PropertyValueSpecification\",\"valueRequired\":true,\"valueName\":\"search_term_string\"}}],\"inLanguage\":\"en-GB\"}]}<\/script>\n<!-- \/ Yoast SEO plugin. -->","yoast_head_json":{"title":"Sotis Egyes\u00fclet - Gmajor","description":"Sotis M\u0171v\u00e9szeti Egyes\u00fclet kur\u00e1tora Major Gabriella, amely a helyi m\u0171v\u00e9szeti \u00e9s k\u00f6z\u00f6ss\u00e9gi \u00e9let t\u00e1mogat\u00e1s\u00e1ra j\u00f6tt l\u00e9tre.","robots":{"index":"index","follow":"follow","max-snippet":"max-snippet:-1","max-image-preview":"max-image-preview:large","max-video-preview":"max-video-preview:-1"},"canonical":"https:\/\/gmajor.hu\/en\/sotis-egyesulet\/","og_locale":"en_GB","og_type":"article","og_title":"Sotis Egyes\u00fclet - Gmajor","og_description":"Sotis M\u0171v\u00e9szeti Egyes\u00fclet kur\u00e1tora Major Gabriella, amely a helyi m\u0171v\u00e9szeti \u00e9s k\u00f6z\u00f6ss\u00e9gi \u00e9let t\u00e1mogat\u00e1s\u00e1ra j\u00f6tt l\u00e9tre.","og_url":"https:\/\/gmajor.hu\/en\/sotis-egyesulet\/","og_site_name":"Gmajor","article_modified_time":"2025-10-30T00:07:34+00:00","twitter_card":"summary_large_image","twitter_misc":{"Estimated reading time":"1 minute"},"schema":{"@context":"https:\/\/schema.org","@graph":[{"@type":"WebPage","@id":"https:\/\/gmajor.hu\/sotis-egyesulet\/","url":"https:\/\/gmajor.hu\/sotis-egyesulet\/","name":"Sotis Egyes\u00fclet - Gmajor","isPartOf":{"@id":"https:\/\/gmajor.hu\/#website"},"datePublished":"2025-10-15T20:41:36+00:00","dateModified":"2025-10-30T00:07:34+00:00","description":"Sotis M\u0171v\u00e9szeti Egyes\u00fclet kur\u00e1tora Major Gabriella, amely a helyi m\u0171v\u00e9szeti \u00e9s k\u00f6z\u00f6ss\u00e9gi \u00e9let t\u00e1mogat\u00e1s\u00e1ra j\u00f6tt l\u00e9tre.","breadcrumb":{"@id":"https:\/\/gmajor.hu\/sotis-egyesulet\/#breadcrumb"},"inLanguage":"en-GB","potentialAction":[{"@type":"ReadAction","target":["https:\/\/gmajor.hu\/sotis-egyesulet\/"]}]},{"@type":"BreadcrumbList","@id":"https:\/\/gmajor.hu\/sotis-egyesulet\/#breadcrumb","itemListElement":[{"@type":"ListItem","position":1,"name":"Kezd\u0151lap","item":"https:\/\/gmajor.hu\/"},{"@type":"ListItem","position":2,"name":"Sotis Egyes\u00fclet"}]},{"@type":"WebSite","@id":"https:\/\/gmajor.hu\/#website","url":"https:\/\/gmajor.hu\/","name":"Gmajor","description":"Major Gabriella fest\u0151m\u0171v\u00e9sz","potentialAction":[{"@type":"SearchAction","target":{"@type":"EntryPoint","urlTemplate":"https:\/\/gmajor.hu\/?s={search_term_string}"},"query-input":{"@type":"PropertyValueSpecification","valueRequired":true,"valueName":"search_term_string"}}],"inLanguage":"en-GB"}]}},"_links":{"self":[{"href":"https:\/\/gmajor.hu\/en\/wp-json\/wp\/v2\/pages\/176","targetHints":{"allow":["GET"]}}],"collection":[{"href":"https:\/\/gmajor.hu\/en\/wp-json\/wp\/v2\/pages"}],"about":[{"href":"https:\/\/gmajor.hu\/en\/wp-json\/wp\/v2\/types\/page"}],"author":[{"embeddable":true,"href":"https:\/\/gmajor.hu\/en\/wp-json\/wp\/v2\/users\/1"}],"replies":[{"embeddable":true,"href":"https:\/\/gmajor.hu\/en\/wp-json\/wp\/v2\/comments?post=176"}],"version-history":[{"count":8,"href":"https:\/\/gmajor.hu\/en\/wp-json\/wp\/v2\/pages\/176\/revisions"}],"predecessor-version":[{"id":450,"href":"https:\/\/gmajor.hu\/en\/wp-json\/wp\/v2\/pages\/176\/revisions\/450"}],"wp:attachment":[{"href":"https:\/\/gmajor.hu\/en\/wp-json\/wp\/v2\/media?parent=176"}],"curies":[{"name":"wp","href":"https:\/\/api.w.org\/{rel}","templated":true}]}}