{"id":13,"date":"2025-10-14T12:56:28","date_gmt":"2025-10-14T10:56:28","guid":{"rendered":"https:\/\/gmajor.hu\/?page_id=13"},"modified":"2025-11-02T22:59:29","modified_gmt":"2025-11-02T21:59:29","slug":"rolam","status":"publish","type":"page","link":"https:\/\/gmajor.hu\/en\/rolam\/","title":{"rendered":"About me"},"content":{"rendered":"<p>[et_pb_section fb_built=&#8221;1&#8243; admin_label=&#8221;Header&#8221; _builder_version=&#8221;4.27.4&#8243; _module_preset=&#8221;default&#8221; background_color=&#8221;#000000&#8243; collapsed=&#8221;on&#8221; global_colors_info=&#8221;{}&#8221;][et_pb_row _builder_version=&#8221;4.20.0&#8243; _module_preset=&#8221;default&#8221; global_colors_info=&#8221;{}&#8221;][et_pb_column type=&#8221;4_4&#8243; _builder_version=&#8221;4.20.0&#8243; _module_preset=&#8221;default&#8221; global_colors_info=&#8221;{}&#8221;][et_pb_text _builder_version=&#8221;4.27.4&#8243; _module_preset=&#8221;_initial&#8221; header_font=&#8221;|||on|||||&#8221; header_text_color=&#8221;#FFFFFF&#8221; header_font_size=&#8221;75px&#8221; header_letter_spacing=&#8221;0.2em&#8221; header_line_height=&#8221;1.2em&#8221; text_orientation=&#8221;center&#8221; header_font_size_tablet=&#8221;40px&#8221; header_font_size_phone=&#8221;24px&#8221; header_font_size_last_edited=&#8221;on|desktop&#8221; global_colors_info=&#8221;{}&#8221;]<\/p>\n<h1>Major Gabriella<br \/>Fest\u0151<\/h1>\n<p>[\/et_pb_text][\/et_pb_column][\/et_pb_row][\/et_pb_section][et_pb_section fb_built=&#8221;1&#8243; _builder_version=&#8221;4.27.4&#8243; _module_preset=&#8221;default&#8221; background_color=&#8221;rgba(255,255,255,0.91)&#8221; background_image=&#8221;https:\/\/gmajor.hu\/wp-content\/uploads\/2025\/10\/gmajor-festmeny-23.jpg&#8221; background_position=&#8221;top_right&#8221; background_blend=&#8221;overlay&#8221; global_colors_info=&#8221;{}&#8221;][et_pb_row custom_padding_last_edited=&#8221;on|tablet&#8221; _builder_version=&#8221;4.27.4&#8243; _module_preset=&#8221;default&#8221; background_enable_color=&#8221;off&#8221; background_enable_image=&#8221;off&#8221; background_position=&#8221;top_right&#8221; background_blend=&#8221;overlay&#8221; custom_padding=&#8221;80px|80px|80px|80px|true|true&#8221; custom_padding_tablet=&#8221;40px|40px|40px|40px|true|true&#8221; custom_padding_phone=&#8221;20px|20px|20px|20px|true|true&#8221; global_colors_info=&#8221;{}&#8221;][et_pb_column type=&#8221;4_4&#8243; _builder_version=&#8221;4.27.4&#8243; _module_preset=&#8221;default&#8221; global_colors_info=&#8221;{}&#8221;][et_pb_text quote_border_weight=&#8221;15px&#8221; _builder_version=&#8221;4.27.4&#8243; _module_preset=&#8221;_initial&#8221; text_font=&#8221;||||||||&#8221; text_text_color=&#8221;#000000&#8243; text_line_height=&#8221;1.8em&#8221; quote_font=&#8221;|700|||||||&#8221; hover_enabled=&#8221;0&#8243; text_font_size_tablet=&#8221;15px&#8221; text_font_size_phone=&#8221;14px&#8221; text_font_size_last_edited=&#8221;on|desktop&#8221; global_colors_info=&#8221;{}&#8221; sticky_enabled=&#8221;0&#8243;]<\/p>\n<p>Magyarorsz\u00e1g keleti r\u00e9sz\u00e9ben sz\u00fclettem \u00e9s itt v\u00e9geztem iskol\u00e1imat, alapvet\u0151en gazdas\u00e1gi vonalon.<\/p>\n<p>Itt szereztem K\u00f6zgazd\u00e1sz diplom\u00e1t, a v\u00e1llalkoz\u00f3i, marketing szf\u00e9r\u00e1ban dolgozom. Ebb\u0151l a tengelyb\u0151l sz\u00fcletett a r\u00e1l\u00e1t\u00e1s a m\u0171t\u00e1rgyak &#8211; t\u00e1rsadalom jelenlegi piac\u00e1ra, amelyet m\u00e9g m\u00e9lyebbr\u0151l is szeretn\u00e9k megismerni.<\/p>\n<blockquote>\n<p>A fest\u00e9szethez a sz\u00edneken kereszt\u00fcl kapcsol\u00f3dom, alapvet\u0151en vel\u00fck van viszonyom.<\/p>\n<\/blockquote>\n<p>Lehet\u0151s\u00e9gem volt\/van megv\u00e1logatni, hogy milyen m\u0171v\u00e9sz mesterekt\u0151l tanuljak, akik: Nagy G\u00e1bor, Erd\u0151s Be\u00e1ta restaur\u00e1tor, Sipos L\u00f3r\u00e1nd, fest\u0151m\u0171v\u00e9szek.<\/p>\n<p>M\u0171v\u00e9szi sokoldal\u00fas\u00e1g \u00e9s a nagy el\u0151d\u00f6k tisztelete sz\u00e1momra fontos, ez megjelenik a m\u0171v\u00e9szi technik\u00e1k soksz\u00edn\u0171s\u00e9g\u00e9ben, anyagismeretben, amelyet haszn\u00e1lok: Giotto aranytechnik\u00e1ja az egyik legkedvesebb sz\u00e1momra, de az olajfest\u00e9k \u00e9s az aquarell is megmaradt kifejez\u0151eszk\u00f6z\u00f6mnek.<\/p>\n<blockquote>\n<p>\u201eA m\u0171v\u00e9szet gy\u00f3gy\u00edt\u201d ebb\u0151l a vil\u00e1gl\u00e1t\u00e1somb\u00f3l n\u0151tt ki mag\u00e1t az az ig\u00e9ny, amely egyre ink\u00e1bb meghat\u00e1rozza h\u00e9tk\u00f6znapjaimat.<br \/>M\u0171v\u00e9szt\u00e1rsas\u00e1gok tagja vagyok fest\u0151m\u0171v\u00e9szk\u00e9nt, kur\u00e1tork\u00e9nt is. Kur\u00e1tork\u00e9nt, a Sotis M\u0171v\u00e9szeti Egyes\u00fclet Eln\u00f6kek\u00e9nt t\u00f6bb ki\u00e1ll\u00edt\u00e1st szervezek \u00e9vente. Egyik legnagyobb kih\u00edv\u00e1s a Domb\u00f3v\u00e1ri \u00e9venk\u00e9nti nagy ki\u00e1ll\u00edt\u00e1s, ahol t\u00f6bb m\u0171v\u00e9sz b\u00edzta r\u00e1m festm\u00e9nyeit.<\/p>\n<\/blockquote>\n<p>Saj\u00e1t festm\u00e9nyeim, grafik\u00e1im az orsz\u00e1gban sok helyen, Sopronban, P\u00e9lif\u00f6ldszentkereszten \u00e9s Budapesten is megtekinthet\u0151ek voltak. \u00d6n\u00e1ll\u00f3, nagy ki\u00e1ll\u00edt\u00e1som ez \u00e9vben Budapesten, a Bencz\u00far Hotelben volt. \u00c1lland\u00f3 ki\u00e1ll\u00edt\u00e1som Ny\u00edregyh\u00e1z\u00e1n van, illetve szervez\u00e9s alatt a V\u00e1s\u00e1rosnam\u00e9nyi term\u00e9szet festm\u00e9nyekb\u0151l \u00e1ll\u00f3 ki\u00e1ll\u00edt\u00e1som.<\/p>\n<p>[\/et_pb_text][et_pb_button button_url=&#8221;https:\/\/gmajor.hu\/kapcsolat\/&#8221; button_text=&#8221;Kapcsolat&#8221; button_alignment=&#8221;center&#8221; _builder_version=&#8221;4.27.4&#8243; _module_preset=&#8221;_initial&#8221; custom_button=&#8221;on&#8221; button_text_size=&#8221;14px&#8221; button_text_color=&#8221;#000000&#8243; button_bg_color=&#8221;#FFFFFF&#8221; button_border_width=&#8221;0px&#8221; button_border_radius=&#8221;0px&#8221; button_letter_spacing=&#8221;0.2em&#8221; button_font=&#8221;Cormorant Garamond|700||on|||||&#8221; custom_padding=&#8221;16px|24px|16px|24px|true|true&#8221; global_colors_info=&#8221;{}&#8221;][\/et_pb_button][\/et_pb_column][\/et_pb_row][\/et_pb_section]<\/p>\n","protected":false},"excerpt":{"rendered":"<p>Major GabriellaFest\u0151Magyarorsz\u00e1g keleti r\u00e9sz\u00e9ben sz\u00fclettem \u00e9s itt v\u00e9geztem iskol\u00e1imat, alapvet\u0151en gazdas\u00e1gi vonalon. Itt szereztem K\u00f6zgazd\u00e1sz diplom\u00e1t, a v\u00e1llalkoz\u00f3i, marketing szf\u00e9r\u00e1ban dolgozom. Ebb\u0151l a tengelyb\u0151l sz\u00fcletett a r\u00e1l\u00e1t\u00e1s a m\u0171t\u00e1rgyak &#8211; t\u00e1rsadalom jelenlegi piac\u00e1ra, amelyet m\u00e9g m\u00e9lyebbr\u0151l is szeretn\u00e9k megismerni. A fest\u00e9szethez a sz\u00edneken kereszt\u00fcl kapcsol\u00f3dom, alapvet\u0151en vel\u00fck van viszonyom. Lehet\u0151s\u00e9gem volt\/van megv\u00e1logatni, hogy milyen m\u0171v\u00e9sz [&hellip;]<\/p>\n","protected":false},"author":1,"featured_media":0,"parent":0,"menu_order":0,"comment_status":"closed","ping_status":"closed","template":"","meta":{"_et_pb_use_builder":"on","_et_pb_old_content":"","_et_gb_content_width":"","footnotes":""},"class_list":["post-13","page","type-page","status-publish","hentry"],"yoast_head":"<!-- This site is optimized with the Yoast SEO plugin v27.0 - https:\/\/yoast.com\/product\/yoast-seo-wordpress\/ -->\n<title>R\u00f3lam - Gmajor<\/title>\n<meta name=\"description\" content=\"Major Gabriella fest\u0151m\u0171v\u00e9sz: A fest\u00e9szethez a sz\u00edneken kereszt\u00fcl kapcsol\u00f3dom, alapvet\u0151en vel\u00fck van viszonyom.\" \/>\n<meta name=\"robots\" content=\"index, follow, max-snippet:-1, max-image-preview:large, max-video-preview:-1\" \/>\n<link rel=\"canonical\" href=\"https:\/\/gmajor.hu\/en\/rolam\/\" \/>\n<meta property=\"og:locale\" content=\"en_GB\" \/>\n<meta property=\"og:type\" content=\"article\" \/>\n<meta property=\"og:title\" content=\"R\u00f3lam - Gmajor\" \/>\n<meta property=\"og:description\" content=\"Major Gabriella fest\u0151m\u0171v\u00e9sz: A fest\u00e9szethez a sz\u00edneken kereszt\u00fcl kapcsol\u00f3dom, alapvet\u0151en vel\u00fck van viszonyom.\" \/>\n<meta property=\"og:url\" content=\"https:\/\/gmajor.hu\/en\/rolam\/\" \/>\n<meta property=\"og:site_name\" content=\"Gmajor\" \/>\n<meta property=\"article:modified_time\" content=\"2025-11-02T21:59:29+00:00\" \/>\n<meta name=\"twitter:card\" content=\"summary_large_image\" \/>\n<meta name=\"twitter:label1\" content=\"Estimated reading time\" \/>\n\t<meta name=\"twitter:data1\" content=\"2 minutes\" \/>\n<script type=\"application\/ld+json\" class=\"yoast-schema-graph\">{\"@context\":\"https:\/\/schema.org\",\"@graph\":[{\"@type\":\"WebPage\",\"@id\":\"https:\/\/gmajor.hu\/rolam\/\",\"url\":\"https:\/\/gmajor.hu\/rolam\/\",\"name\":\"R\u00f3lam - Gmajor\",\"isPartOf\":{\"@id\":\"https:\/\/gmajor.hu\/#website\"},\"datePublished\":\"2025-10-14T10:56:28+00:00\",\"dateModified\":\"2025-11-02T21:59:29+00:00\",\"description\":\"Major Gabriella fest\u0151m\u0171v\u00e9sz: A fest\u00e9szethez a sz\u00edneken kereszt\u00fcl kapcsol\u00f3dom, alapvet\u0151en vel\u00fck van viszonyom.\",\"breadcrumb\":{\"@id\":\"https:\/\/gmajor.hu\/rolam\/#breadcrumb\"},\"inLanguage\":\"en-GB\",\"potentialAction\":[{\"@type\":\"ReadAction\",\"target\":[\"https:\/\/gmajor.hu\/rolam\/\"]}]},{\"@type\":\"BreadcrumbList\",\"@id\":\"https:\/\/gmajor.hu\/rolam\/#breadcrumb\",\"itemListElement\":[{\"@type\":\"ListItem\",\"position\":1,\"name\":\"Kezd\u0151lap\",\"item\":\"https:\/\/gmajor.hu\/\"},{\"@type\":\"ListItem\",\"position\":2,\"name\":\"R\u00f3lam\"}]},{\"@type\":\"WebSite\",\"@id\":\"https:\/\/gmajor.hu\/#website\",\"url\":\"https:\/\/gmajor.hu\/\",\"name\":\"Gmajor\",\"description\":\"Major Gabriella fest\u0151m\u0171v\u00e9sz\",\"potentialAction\":[{\"@type\":\"SearchAction\",\"target\":{\"@type\":\"EntryPoint\",\"urlTemplate\":\"https:\/\/gmajor.hu\/?s={search_term_string}\"},\"query-input\":{\"@type\":\"PropertyValueSpecification\",\"valueRequired\":true,\"valueName\":\"search_term_string\"}}],\"inLanguage\":\"en-GB\"}]}<\/script>\n<!-- \/ Yoast SEO plugin. -->","yoast_head_json":{"title":"R\u00f3lam - Gmajor","description":"Major Gabriella fest\u0151m\u0171v\u00e9sz: A fest\u00e9szethez a sz\u00edneken kereszt\u00fcl kapcsol\u00f3dom, alapvet\u0151en vel\u00fck van viszonyom.","robots":{"index":"index","follow":"follow","max-snippet":"max-snippet:-1","max-image-preview":"max-image-preview:large","max-video-preview":"max-video-preview:-1"},"canonical":"https:\/\/gmajor.hu\/en\/rolam\/","og_locale":"en_GB","og_type":"article","og_title":"R\u00f3lam - Gmajor","og_description":"Major Gabriella fest\u0151m\u0171v\u00e9sz: A fest\u00e9szethez a sz\u00edneken kereszt\u00fcl kapcsol\u00f3dom, alapvet\u0151en vel\u00fck van viszonyom.","og_url":"https:\/\/gmajor.hu\/en\/rolam\/","og_site_name":"Gmajor","article_modified_time":"2025-11-02T21:59:29+00:00","twitter_card":"summary_large_image","twitter_misc":{"Estimated reading time":"2 minutes"},"schema":{"@context":"https:\/\/schema.org","@graph":[{"@type":"WebPage","@id":"https:\/\/gmajor.hu\/rolam\/","url":"https:\/\/gmajor.hu\/rolam\/","name":"R\u00f3lam - Gmajor","isPartOf":{"@id":"https:\/\/gmajor.hu\/#website"},"datePublished":"2025-10-14T10:56:28+00:00","dateModified":"2025-11-02T21:59:29+00:00","description":"Major Gabriella fest\u0151m\u0171v\u00e9sz: A fest\u00e9szethez a sz\u00edneken kereszt\u00fcl kapcsol\u00f3dom, alapvet\u0151en vel\u00fck van viszonyom.","breadcrumb":{"@id":"https:\/\/gmajor.hu\/rolam\/#breadcrumb"},"inLanguage":"en-GB","potentialAction":[{"@type":"ReadAction","target":["https:\/\/gmajor.hu\/rolam\/"]}]},{"@type":"BreadcrumbList","@id":"https:\/\/gmajor.hu\/rolam\/#breadcrumb","itemListElement":[{"@type":"ListItem","position":1,"name":"Kezd\u0151lap","item":"https:\/\/gmajor.hu\/"},{"@type":"ListItem","position":2,"name":"R\u00f3lam"}]},{"@type":"WebSite","@id":"https:\/\/gmajor.hu\/#website","url":"https:\/\/gmajor.hu\/","name":"Gmajor","description":"Major Gabriella fest\u0151m\u0171v\u00e9sz","potentialAction":[{"@type":"SearchAction","target":{"@type":"EntryPoint","urlTemplate":"https:\/\/gmajor.hu\/?s={search_term_string}"},"query-input":{"@type":"PropertyValueSpecification","valueRequired":true,"valueName":"search_term_string"}}],"inLanguage":"en-GB"}]}},"_links":{"self":[{"href":"https:\/\/gmajor.hu\/en\/wp-json\/wp\/v2\/pages\/13","targetHints":{"allow":["GET"]}}],"collection":[{"href":"https:\/\/gmajor.hu\/en\/wp-json\/wp\/v2\/pages"}],"about":[{"href":"https:\/\/gmajor.hu\/en\/wp-json\/wp\/v2\/types\/page"}],"author":[{"embeddable":true,"href":"https:\/\/gmajor.hu\/en\/wp-json\/wp\/v2\/users\/1"}],"replies":[{"embeddable":true,"href":"https:\/\/gmajor.hu\/en\/wp-json\/wp\/v2\/comments?post=13"}],"version-history":[{"count":9,"href":"https:\/\/gmajor.hu\/en\/wp-json\/wp\/v2\/pages\/13\/revisions"}],"predecessor-version":[{"id":467,"href":"https:\/\/gmajor.hu\/en\/wp-json\/wp\/v2\/pages\/13\/revisions\/467"}],"wp:attachment":[{"href":"https:\/\/gmajor.hu\/en\/wp-json\/wp\/v2\/media?parent=13"}],"curies":[{"name":"wp","href":"https:\/\/api.w.org\/{rel}","templated":true}]}}