{"id":10,"date":"2025-10-14T12:55:39","date_gmt":"2025-10-14T10:55:39","guid":{"rendered":"https:\/\/gmajor.hu\/?page_id=10"},"modified":"2025-11-02T22:52:42","modified_gmt":"2025-11-02T21:52:42","slug":"major-gabriella","status":"publish","type":"page","link":"https:\/\/gmajor.hu\/en\/","title":{"rendered":"Major Gabriella"},"content":{"rendered":"<p>[et_pb_section fb_built=&#8221;1&#8243; admin_label=&#8221;Header&#8221; _builder_version=&#8221;4.27.4&#8243; _module_preset=&#8221;default&#8221; use_background_color_gradient=&#8221;on&#8221; background_color_gradient_stops=&#8221;rgba(0,0,0,0.5) 0%|rgba(0,0,0,0.5) 100%&#8221; background_color_gradient_overlays_image=&#8221;on&#8221; background_image=&#8221;https:\/\/gmajor.hu\/wp-content\/uploads\/2025\/10\/gmajor-grafika.jpg&#8221; custom_padding=&#8221;3vw||3vw||true|false&#8221; hover_enabled=&#8221;0&#8243; collapsed=&#8221;on&#8221; global_colors_info=&#8221;{}&#8221; custom_padding_last_edited=&#8221;on|phone&#8221; custom_padding_phone=&#8221;11vw||11vw||true|false&#8221; sticky_enabled=&#8221;0&#8243; custom_padding_tablet=&#8221;3vw||3vw||true|false&#8221;][et_pb_row _builder_version=&#8221;4.27.4&#8243; _module_preset=&#8221;default&#8221; custom_margin=&#8221;|auto|2vw|auto|false|false&#8221; global_colors_info=&#8221;{}&#8221;][et_pb_column type=&#8221;4_4&#8243; _builder_version=&#8221;4.20.0&#8243; _module_preset=&#8221;default&#8221; global_colors_info=&#8221;{}&#8221;][et_pb_text _builder_version=&#8221;4.27.4&#8243; _module_preset=&#8221;_initial&#8221; header_font=&#8221;|||on|||||&#8221; header_text_color=&#8221;#FFFFFF&#8221; header_font_size=&#8221;75px&#8221; header_letter_spacing=&#8221;0.2em&#8221; header_line_height=&#8221;1.2em&#8221; text_orientation=&#8221;center&#8221; hover_enabled=&#8221;0&#8243; header_font_size_tablet=&#8221;40px&#8221; header_font_size_phone=&#8221;40px&#8221; header_font_size_last_edited=&#8221;on|desktop&#8221; global_colors_info=&#8221;{}&#8221; custom_margin=&#8221;||4px|||&#8221; sticky_enabled=&#8221;0&#8243;]<\/p>\n<h1>Major Gabriella<\/h1>\n<p>[\/et_pb_text][et_pb_text _builder_version=&#8221;4.27.4&#8243; _module_preset=&#8221;_initial&#8221; header_2_font=&#8221;|300|||||||&#8221; header_2_text_color=&#8221;#FFFFFF&#8221; header_4_font=&#8221;|600||on|||||&#8221; header_4_text_color=&#8221;#FFFFFF&#8221; header_4_font_size=&#8221;12px&#8221; header_4_letter_spacing=&#8221;0.5em&#8221; header_4_line_height=&#8221;1.4em&#8221; text_orientation=&#8221;center&#8221; custom_margin=&#8221;||0px||false|false&#8221; global_colors_info=&#8221;{}&#8221;]<\/p>\n<h2>Fest\u0151<\/h2>\n<p>[\/et_pb_text][\/et_pb_column][\/et_pb_row][et_pb_row column_structure=&#8221;1_3,1_3,1_3&#8243; use_custom_gutter=&#8221;on&#8221; gutter_width=&#8221;4&#8243; make_equal=&#8221;on&#8221; custom_padding_last_edited=&#8221;on|tablet&#8221; _builder_version=&#8221;4.27.4&#8243; _module_preset=&#8221;default&#8221; custom_padding_tablet=&#8221;||0px||false|false&#8221; custom_padding_phone=&#8221;||0px||false|false&#8221; hover_enabled=&#8221;0&#8243; saved_tabs=&#8221;all&#8221; global_colors_info=&#8221;{}&#8221; disabled_on=&#8221;off|off|off&#8221; sticky_enabled=&#8221;0&#8243; locked=&#8221;off&#8221;][et_pb_column type=&#8221;1_3&#8243; _builder_version=&#8221;4.27.4&#8243; _module_preset=&#8221;default&#8221; background_color=&#8221;rgba(255,255,255,0.87)&#8221; custom_padding=&#8221;2%|2%|2%|2%|true|true&#8221; link_option_url=&#8221;https:\/\/gmajor.hu\/termeszet-festmeny-vadasz-festmeny\/&#8221; hover_enabled=&#8221;0&#8243; box_shadow_style=&#8221;preset4&#8243; box_shadow_horizontal=&#8221;0px&#8221; box_shadow_vertical=&#8221;0px&#8221; box_shadow_color=&#8221;#F9F9F9&#8243; global_colors_info=&#8221;{}&#8221; background__hover_enabled=&#8221;on|hover&#8221; box_shadow_spread__hover=&#8221;20px&#8221; box_shadow_spread__hover_enabled=&#8221;on|hover&#8221; background_color__hover=&#8221;#F9F9F9&#8243; background_enable_color__hover=&#8221;on&#8221; custom_padding_last_edited=&#8221;on|phone&#8221; custom_padding_phone=&#8221;8%|2%|8%|2%|true|true&#8221; sticky_enabled=&#8221;0&#8243; custom_padding_tablet=&#8221;2%|2%|2%|2%|true|true&#8221;][et_pb_image src=&#8221;https:\/\/gmajor.hu\/wp-content\/uploads\/2025\/10\/1.jpg&#8221; title_text=&#8221;1&#8243; align=&#8221;center&#8221; _builder_version=&#8221;4.27.4&#8243; _module_preset=&#8221;default&#8221; width=&#8221;50%&#8221; max_width=&#8221;100%&#8221; hover_enabled=&#8221;0&#8243; global_colors_info=&#8221;{}&#8221; width_last_edited=&#8221;on|phone&#8221; width_phone=&#8221;45%&#8221; sticky_enabled=&#8221;0&#8243; width_tablet=&#8221;50%&#8221;][\/et_pb_image][et_pb_text _builder_version=&#8221;4.27.4&#8243; _module_preset=&#8221;_initial&#8221; text_text_color=&#8221;#FFFFFF&#8221; header_3_font=&#8221;|600||on|||||&#8221; header_3_text_align=&#8221;center&#8221; header_3_text_color=&#8221;#000000&#8243; header_3_letter_spacing=&#8221;0.3em&#8221; header_3_line_height=&#8221;1.2em&#8221; header_5_font=&#8221;Cormorant Garamond|700||on|||||&#8221; header_5_font_size=&#8221;18px&#8221; header_5_letter_spacing=&#8221;0.3em&#8221; header_5_line_height=&#8221;1.4em&#8221; custom_margin=&#8221;||10px||false|false&#8221; header_5_font_size_tablet=&#8221;16px&#8221; header_5_font_size_phone=&#8221;14px&#8221; header_5_font_size_last_edited=&#8221;on|desktop&#8221; global_colors_info=&#8221;{}&#8221;]<\/p>\n<h3>Term\u00e9szet \u00e9s vad\u00e1sz festm\u00e9nyek<\/h3>\n<p>[\/et_pb_text][\/et_pb_column][et_pb_column type=&#8221;1_3&#8243; _builder_version=&#8221;4.27.4&#8243; _module_preset=&#8221;default&#8221; background_color=&#8221;rgba(255,255,255,0.87)&#8221; custom_padding=&#8221;2%|2%|2%|2%|true|true&#8221; link_option_url=&#8221;https:\/\/gmajor.hu\/grafika&#8221; hover_enabled=&#8221;0&#8243; box_shadow_style=&#8221;preset4&#8243; box_shadow_horizontal=&#8221;0px&#8221; box_shadow_vertical=&#8221;0px&#8221; box_shadow_color=&#8221;#F9F9F9&#8243; global_colors_info=&#8221;{}&#8221; background__hover_enabled=&#8221;on|hover&#8221; box_shadow_spread__hover_enabled=&#8221;on|hover&#8221; box_shadow_spread__hover=&#8221;20px&#8221; background_color__hover=&#8221;#F9F9F9&#8243; background_enable_color__hover=&#8221;on&#8221; custom_padding_last_edited=&#8221;on|phone&#8221; custom_padding_phone=&#8221;8%|2%|8%|2%|true|true&#8221; sticky_enabled=&#8221;0&#8243; custom_padding_tablet=&#8221;2%|2%|2%|2%|true|true&#8221;][et_pb_image src=&#8221;https:\/\/gmajor.hu\/wp-content\/uploads\/2025\/10\/3.jpg&#8221; title_text=&#8221;3&#8243; align=&#8221;center&#8221; _builder_version=&#8221;4.27.4&#8243; _module_preset=&#8221;default&#8221; width=&#8221;50%&#8221; max_width=&#8221;100%&#8221; global_colors_info=&#8221;{}&#8221; width_phone=&#8221;45%&#8221; width_last_edited=&#8221;on|phone&#8221; width_tablet=&#8221;50%&#8221;][\/et_pb_image][et_pb_text _builder_version=&#8221;4.27.4&#8243; _module_preset=&#8221;_initial&#8221; text_text_color=&#8221;#FFFFFF&#8221; header_3_font=&#8221;|600||on|||||&#8221; header_3_text_align=&#8221;center&#8221; header_3_text_color=&#8221;#000000&#8243; header_3_letter_spacing=&#8221;0.3em&#8221; header_3_line_height=&#8221;1.2em&#8221; header_5_font=&#8221;Cormorant Garamond|700||on|||||&#8221; header_5_font_size=&#8221;18px&#8221; header_5_letter_spacing=&#8221;0.3em&#8221; header_5_line_height=&#8221;1.4em&#8221; custom_margin=&#8221;||10px||false|false&#8221; header_5_font_size_tablet=&#8221;16px&#8221; header_5_font_size_phone=&#8221;14px&#8221; header_5_font_size_last_edited=&#8221;on|desktop&#8221; global_colors_info=&#8221;{}&#8221;]<\/p>\n<h3>Grafik\u00e1k<\/h3>\n<p>[\/et_pb_text][\/et_pb_column][et_pb_column type=&#8221;1_3&#8243; _builder_version=&#8221;4.27.4&#8243; _module_preset=&#8221;default&#8221; background_color=&#8221;rgba(255,255,255,0.87)&#8221; custom_padding=&#8221;2%|2%|2%|2%|true|true&#8221; link_option_url=&#8221;https:\/\/gmajor.hu\/portre-festmeny\/&#8221; hover_enabled=&#8221;0&#8243; box_shadow_style=&#8221;preset4&#8243; box_shadow_horizontal=&#8221;0px&#8221; box_shadow_vertical=&#8221;0px&#8221; box_shadow_color=&#8221;#F9F9F9&#8243; global_colors_info=&#8221;{}&#8221; background_color__hover=&#8221;#F9F9F9&#8243; background__hover_enabled=&#8221;on|hover&#8221; box_shadow_spread__hover=&#8221;20px&#8221; box_shadow_spread__hover_enabled=&#8221;on|hover&#8221; background_enable_color__hover=&#8221;on&#8221; custom_padding_last_edited=&#8221;on|phone&#8221; custom_padding_phone=&#8221;8%|2%|8%|2%|true|true&#8221; sticky_enabled=&#8221;0&#8243; custom_padding_tablet=&#8221;2%|2%|2%|2%|true|true&#8221;][et_pb_image src=&#8221;https:\/\/gmajor.hu\/wp-content\/uploads\/2025\/10\/2.jpg&#8221; title_text=&#8221;2&#8243; align=&#8221;center&#8221; _builder_version=&#8221;4.27.4&#8243; _module_preset=&#8221;default&#8221; width=&#8221;50%&#8221; max_width=&#8221;100%&#8221; global_colors_info=&#8221;{}&#8221; width_phone=&#8221;45%&#8221; width_last_edited=&#8221;on|phone&#8221; width_tablet=&#8221;50%&#8221;][\/et_pb_image][et_pb_text _builder_version=&#8221;4.27.4&#8243; _module_preset=&#8221;_initial&#8221; text_text_color=&#8221;#FFFFFF&#8221; header_3_font=&#8221;|600||on|||||&#8221; header_3_text_align=&#8221;center&#8221; header_3_text_color=&#8221;#000000&#8243; header_3_letter_spacing=&#8221;0.3em&#8221; header_3_line_height=&#8221;1.2em&#8221; header_5_font=&#8221;Cormorant Garamond|700||on|||||&#8221; header_5_font_size=&#8221;18px&#8221; header_5_letter_spacing=&#8221;0.3em&#8221; header_5_line_height=&#8221;1.4em&#8221; custom_margin=&#8221;||10px||false|false&#8221; header_5_font_size_tablet=&#8221;16px&#8221; header_5_font_size_phone=&#8221;14px&#8221; header_5_font_size_last_edited=&#8221;on|desktop&#8221; global_colors_info=&#8221;{}&#8221;]<\/p>\n<h3>Portr\u00e9k<\/h3>\n<p>[\/et_pb_text][\/et_pb_column][\/et_pb_row][\/et_pb_section][et_pb_section fb_built=&#8221;1&#8243; admin_label=&#8221;About&#8221; _builder_version=&#8221;4.20.0&#8243; _module_preset=&#8221;default&#8221; background_color=&#8221;#000000&#8243; collapsed=&#8221;on&#8221; global_colors_info=&#8221;{}&#8221;][et_pb_row column_structure=&#8221;3_5,2_5&#8243; _builder_version=&#8221;4.20.0&#8243; _module_preset=&#8221;default&#8221; custom_padding=&#8221;||0px||false|false&#8221; global_colors_info=&#8221;{}&#8221;][et_pb_column type=&#8221;3_5&#8243; _builder_version=&#8221;4.20.0&#8243; _module_preset=&#8221;default&#8221; global_colors_info=&#8221;{}&#8221;][et_pb_text _builder_version=&#8221;4.27.4&#8243; _module_preset=&#8221;_initial&#8221; header_2_font=&#8221;|||on|||||&#8221; header_2_text_color=&#8221;#FFFFFF&#8221; header_2_font_size=&#8221;40px&#8221; header_2_letter_spacing=&#8221;0.2em&#8221; header_2_line_height=&#8221;1.2em&#8221; hover_enabled=&#8221;0&#8243; header_2_font_size_tablet=&#8221;32px&#8221; header_2_font_size_phone=&#8221;30px&#8221; header_2_font_size_last_edited=&#8221;on|desktop&#8221; global_colors_info=&#8221;{}&#8221; sticky_enabled=&#8221;0&#8243;]<\/p>\n<h2>\u201eA m\u0171v\u00e9szet gy\u00f3gy\u00edt\u201d &#8211; Sotis Egyes\u00fclet<\/h2>\n<p>[\/et_pb_text][et_pb_image src=&#8221;https:\/\/gmajor.hu\/wp-content\/uploads\/2025\/10\/Sotis-kiallitas.webp&#8221; title_text=&#8221;Sotis-kiallitas&#8221; _builder_version=&#8221;4.27.4&#8243; _module_preset=&#8221;default&#8221; global_colors_info=&#8221;{}&#8221;][\/et_pb_image][\/et_pb_column][et_pb_column type=&#8221;2_5&#8243; _builder_version=&#8221;4.20.0&#8243; _module_preset=&#8221;default&#8221; global_colors_info=&#8221;{}&#8221;][et_pb_text _builder_version=&#8221;4.27.4&#8243; _module_preset=&#8221;_initial&#8221; text_text_color=&#8221;#FFFFFF&#8221; text_font_size=&#8221;16px&#8221; text_line_height=&#8221;1.8em&#8221; text_font_size_tablet=&#8221;15px&#8221; text_font_size_phone=&#8221;14px&#8221; text_font_size_last_edited=&#8221;on|desktop&#8221; global_colors_info=&#8221;{}&#8221;]<\/p>\n<p>M\u0171v\u00e9szt\u00e1rsas\u00e1gok tagja vagyok fest\u0151m\u0171v\u00e9szk\u00e9nt, kur\u00e1tork\u00e9nt is. Kur\u00e1tork\u00e9nt, a Sotis M\u0171v\u00e9szeti Egyes\u00fclet Eln\u00f6kek\u00e9nt t\u00f6bb ki\u00e1ll\u00edt\u00e1st szervezek \u00e9vente. <br \/>Egyik legnagyobb kih\u00edv\u00e1s a Domb\u00f3v\u00e1ri \u00e9venk\u00e9nti nagy ki\u00e1ll\u00edt\u00e1s, ahol t\u00f6bb m\u0171v\u00e9sz b\u00edzta r\u00e1m festm\u00e9nyeit.<\/p>\n<p>[\/et_pb_text][et_pb_button button_url=&#8221;https:\/\/gmajor.hu\/sotis-egyesulet\/&#8221; button_text=&#8221;Tov\u00e1bb&#8221; _builder_version=&#8221;4.27.4&#8243; _module_preset=&#8221;_initial&#8221; custom_button=&#8221;on&#8221; button_text_size=&#8221;14px&#8221; button_text_color=&#8221;#FFFFFF&#8221; button_border_width=&#8221;1px&#8221; button_border_color=&#8221;#FFFFFF&#8221; button_border_radius=&#8221;0px&#8221; button_letter_spacing=&#8221;0.2em&#8221; button_font=&#8221;|700||on|||||&#8221; custom_padding=&#8221;16px|24px|16px|24px|true|true&#8221; global_colors_info=&#8221;{}&#8221;][\/et_pb_button][\/et_pb_column][\/et_pb_row][\/et_pb_section][et_pb_section fb_built=&#8221;1&#8243; admin_label=&#8221;Testimonials&#8221; _builder_version=&#8221;4.20.0&#8243; _module_preset=&#8221;default&#8221; collapsed=&#8221;on&#8221; global_colors_info=&#8221;{}&#8221;][et_pb_row _builder_version=&#8221;4.27.4&#8243; _module_preset=&#8221;default&#8221; global_colors_info=&#8221;{}&#8221;][et_pb_column type=&#8221;4_4&#8243; _builder_version=&#8221;4.27.4&#8243; _module_preset=&#8221;default&#8221; global_colors_info=&#8221;{}&#8221;][et_pb_blog fullwidth=&#8221;off&#8221; show_author=&#8221;off&#8221; show_date=&#8221;off&#8221; _builder_version=&#8221;4.27.4&#8243; _module_preset=&#8221;default&#8221; header_font=&#8221;|600|||||||&#8221; meta_font=&#8221;|300||||on|||&#8221; meta_font_size=&#8221;14px&#8221; global_colors_info=&#8221;{}&#8221;][\/et_pb_blog][\/et_pb_column][\/et_pb_row][\/et_pb_section]<\/p>\n","protected":false},"excerpt":{"rendered":"<p>Major GabriellaFest\u0151Term\u00e9szet \u00e9s vad\u00e1sz festm\u00e9nyekGrafik\u00e1kPortr\u00e9k\u201eA m\u0171v\u00e9szet gy\u00f3gy\u00edt\u201d &#8211; Sotis Egyes\u00fcletM\u0171v\u00e9szt\u00e1rsas\u00e1gok tagja vagyok fest\u0151m\u0171v\u00e9szk\u00e9nt, kur\u00e1tork\u00e9nt is. Kur\u00e1tork\u00e9nt, a Sotis M\u0171v\u00e9szeti Egyes\u00fclet Eln\u00f6kek\u00e9nt t\u00f6bb ki\u00e1ll\u00edt\u00e1st szervezek \u00e9vente. Egyik legnagyobb kih\u00edv\u00e1s a Domb\u00f3v\u00e1ri \u00e9venk\u00e9nti nagy ki\u00e1ll\u00edt\u00e1s, ahol t\u00f6bb m\u0171v\u00e9sz b\u00edzta r\u00e1m festm\u00e9nyeit.<\/p>","protected":false},"author":1,"featured_media":0,"parent":0,"menu_order":0,"comment_status":"closed","ping_status":"closed","template":"","meta":{"_et_pb_use_builder":"on","_et_pb_old_content":"<!-- wp:divi\/placeholder \/-->","_et_gb_content_width":"","footnotes":""},"class_list":["post-10","page","type-page","status-publish","hentry"],"yoast_head":"<!-- This site is optimized with the Yoast SEO plugin v27.0 - https:\/\/yoast.com\/product\/yoast-seo-wordpress\/ -->\n<title>Major Gabriella - Gmajor<\/title>\n<meta name=\"description\" content=\"Gmajor - Major Gabriella fest\u0151m\u0171v\u00e9sz, term\u00e9szeti \u00e9s vad\u00e1szk\u00e9pek, grafikai alkot\u00e1sok, modern \u00e9s klasszikus m\u0171v\u00e9szeti technik\u00e1k.\" \/>\n<meta name=\"robots\" content=\"index, follow, max-snippet:-1, max-image-preview:large, max-video-preview:-1\" \/>\n<link rel=\"canonical\" href=\"https:\/\/gmajor.hu\/en\/\" \/>\n<meta property=\"og:locale\" content=\"en_GB\" \/>\n<meta property=\"og:type\" content=\"article\" \/>\n<meta property=\"og:title\" content=\"Major Gabriella - Gmajor\" \/>\n<meta property=\"og:description\" content=\"Gmajor - Major Gabriella fest\u0151m\u0171v\u00e9sz, term\u00e9szeti \u00e9s vad\u00e1szk\u00e9pek, grafikai alkot\u00e1sok, modern \u00e9s klasszikus m\u0171v\u00e9szeti technik\u00e1k.\" \/>\n<meta property=\"og:url\" content=\"https:\/\/gmajor.hu\/en\/\" \/>\n<meta property=\"og:site_name\" content=\"Gmajor\" \/>\n<meta property=\"article:modified_time\" content=\"2025-11-02T21:52:42+00:00\" \/>\n<meta name=\"twitter:card\" content=\"summary_large_image\" \/>\n<meta name=\"twitter:label1\" content=\"Estimated reading time\" \/>\n\t<meta name=\"twitter:data1\" content=\"3 minutes\" \/>\n<script type=\"application\/ld+json\" class=\"yoast-schema-graph\">{\"@context\":\"https:\/\/schema.org\",\"@graph\":[{\"@type\":\"WebPage\",\"@id\":\"https:\/\/gmajor.hu\/\",\"url\":\"https:\/\/gmajor.hu\/\",\"name\":\"Major Gabriella - Gmajor\",\"isPartOf\":{\"@id\":\"https:\/\/gmajor.hu\/#website\"},\"datePublished\":\"2025-10-14T10:55:39+00:00\",\"dateModified\":\"2025-11-02T21:52:42+00:00\",\"description\":\"Gmajor - Major Gabriella fest\u0151m\u0171v\u00e9sz, term\u00e9szeti \u00e9s vad\u00e1szk\u00e9pek, grafikai alkot\u00e1sok, modern \u00e9s klasszikus m\u0171v\u00e9szeti technik\u00e1k.\",\"breadcrumb\":{\"@id\":\"https:\/\/gmajor.hu\/#breadcrumb\"},\"inLanguage\":\"en-GB\",\"potentialAction\":[{\"@type\":\"ReadAction\",\"target\":[\"https:\/\/gmajor.hu\/\"]}]},{\"@type\":\"BreadcrumbList\",\"@id\":\"https:\/\/gmajor.hu\/#breadcrumb\",\"itemListElement\":[{\"@type\":\"ListItem\",\"position\":1,\"name\":\"Kezd\u0151lap\",\"item\":\"https:\/\/gmajor.hu\/\"},{\"@type\":\"ListItem\",\"position\":2,\"name\":\"Major Gabriella\"}]},{\"@type\":\"WebSite\",\"@id\":\"https:\/\/gmajor.hu\/#website\",\"url\":\"https:\/\/gmajor.hu\/\",\"name\":\"Gmajor\",\"description\":\"Major Gabriella fest\u0151m\u0171v\u00e9sz\",\"potentialAction\":[{\"@type\":\"SearchAction\",\"target\":{\"@type\":\"EntryPoint\",\"urlTemplate\":\"https:\/\/gmajor.hu\/?s={search_term_string}\"},\"query-input\":{\"@type\":\"PropertyValueSpecification\",\"valueRequired\":true,\"valueName\":\"search_term_string\"}}],\"inLanguage\":\"en-GB\"}]}<\/script>\n<!-- \/ Yoast SEO plugin. -->","yoast_head_json":{"title":"Major Gabriella - Gmajor","description":"Gmajor - Major Gabriella fest\u0151m\u0171v\u00e9sz, term\u00e9szeti \u00e9s vad\u00e1szk\u00e9pek, grafikai alkot\u00e1sok, modern \u00e9s klasszikus m\u0171v\u00e9szeti technik\u00e1k.","robots":{"index":"index","follow":"follow","max-snippet":"max-snippet:-1","max-image-preview":"max-image-preview:large","max-video-preview":"max-video-preview:-1"},"canonical":"https:\/\/gmajor.hu\/en\/","og_locale":"en_GB","og_type":"article","og_title":"Major Gabriella - Gmajor","og_description":"Gmajor - Major Gabriella fest\u0151m\u0171v\u00e9sz, term\u00e9szeti \u00e9s vad\u00e1szk\u00e9pek, grafikai alkot\u00e1sok, modern \u00e9s klasszikus m\u0171v\u00e9szeti technik\u00e1k.","og_url":"https:\/\/gmajor.hu\/en\/","og_site_name":"Gmajor","article_modified_time":"2025-11-02T21:52:42+00:00","twitter_card":"summary_large_image","twitter_misc":{"Estimated reading time":"3 minutes"},"schema":{"@context":"https:\/\/schema.org","@graph":[{"@type":"WebPage","@id":"https:\/\/gmajor.hu\/","url":"https:\/\/gmajor.hu\/","name":"Major Gabriella - Gmajor","isPartOf":{"@id":"https:\/\/gmajor.hu\/#website"},"datePublished":"2025-10-14T10:55:39+00:00","dateModified":"2025-11-02T21:52:42+00:00","description":"Gmajor - Major Gabriella fest\u0151m\u0171v\u00e9sz, term\u00e9szeti \u00e9s vad\u00e1szk\u00e9pek, grafikai alkot\u00e1sok, modern \u00e9s klasszikus m\u0171v\u00e9szeti technik\u00e1k.","breadcrumb":{"@id":"https:\/\/gmajor.hu\/#breadcrumb"},"inLanguage":"en-GB","potentialAction":[{"@type":"ReadAction","target":["https:\/\/gmajor.hu\/"]}]},{"@type":"BreadcrumbList","@id":"https:\/\/gmajor.hu\/#breadcrumb","itemListElement":[{"@type":"ListItem","position":1,"name":"Kezd\u0151lap","item":"https:\/\/gmajor.hu\/"},{"@type":"ListItem","position":2,"name":"Major Gabriella"}]},{"@type":"WebSite","@id":"https:\/\/gmajor.hu\/#website","url":"https:\/\/gmajor.hu\/","name":"Gmajor","description":"Major Gabriella fest\u0151m\u0171v\u00e9sz","potentialAction":[{"@type":"SearchAction","target":{"@type":"EntryPoint","urlTemplate":"https:\/\/gmajor.hu\/?s={search_term_string}"},"query-input":{"@type":"PropertyValueSpecification","valueRequired":true,"valueName":"search_term_string"}}],"inLanguage":"en-GB"}]}},"_links":{"self":[{"href":"https:\/\/gmajor.hu\/en\/wp-json\/wp\/v2\/pages\/10","targetHints":{"allow":["GET"]}}],"collection":[{"href":"https:\/\/gmajor.hu\/en\/wp-json\/wp\/v2\/pages"}],"about":[{"href":"https:\/\/gmajor.hu\/en\/wp-json\/wp\/v2\/types\/page"}],"author":[{"embeddable":true,"href":"https:\/\/gmajor.hu\/en\/wp-json\/wp\/v2\/users\/1"}],"replies":[{"embeddable":true,"href":"https:\/\/gmajor.hu\/en\/wp-json\/wp\/v2\/comments?post=10"}],"version-history":[{"count":70,"href":"https:\/\/gmajor.hu\/en\/wp-json\/wp\/v2\/pages\/10\/revisions"}],"predecessor-version":[{"id":463,"href":"https:\/\/gmajor.hu\/en\/wp-json\/wp\/v2\/pages\/10\/revisions\/463"}],"wp:attachment":[{"href":"https:\/\/gmajor.hu\/en\/wp-json\/wp\/v2\/media?parent=10"}],"curies":[{"name":"wp","href":"https:\/\/api.w.org\/{rel}","templated":true}]}}